{"id":955,"date":"2020-02-18T11:58:31","date_gmt":"2020-02-18T14:58:31","guid":{"rendered":"https:\/\/isfd106-bue.infd.edu.ar\/sitio\/?page_id=955"},"modified":"2026-03-10T10:26:33","modified_gmt":"2026-03-10T13:26:33","slug":"formularios-docentes","status":"publish","type":"page","link":"https:\/\/isfd106-bue.infd.edu.ar\/sitio\/formularios-docentes\/","title":{"rendered":"Formularios Docentes"},"content":{"rendered":"<p>Desde esta secci\u00f3n se pueden descargar los formularios de uso com\u00fan para el nivel que se encuentran en el Manual de Procedimientos Administrativos para los institutos de Educaci\u00f3n Superior<\/p>\n<p><span style=\"color: #ff00ff;\">DOCENTES<\/span>\u00a0(todos est\u00e1n indicados con la letra D seguidos de un numero)<\/p>\n<p><a href=\"https:\/\/drive.google.com\/file\/d\/1svQIhGuuSu4HJnyY6ssJZ-Q6MlJaspew\/view?usp=sharing\"><strong>D1 Declaraci\u00f3n Jurada de Superior<\/strong><\/a><\/p>\n<p><a href=\"https:\/\/drive.google.com\/file\/d\/1jlU5LRct1VWQT1NAIh0uhbPBjR5JWCIG\/view?usp=sharing\"><strong>D2 Legajo del personal docente<\/strong><\/a><\/p>\n<p><a href=\"https:\/\/drive.google.com\/file\/d\/15FZ0GPGxjnWpjq8_mY9WAh8OYY42iuS9\/view?usp=sharing\"><strong>D3 Actualizaci\u00f3n legajo docente<\/strong><\/a><\/p>\n<p><a href=\"https:\/\/drive.google.com\/file\/d\/1qb1CL2s2xPdxfghCO_fmifwaJiD3DTCW\/view?usp=sharing\"><strong>D6b Solicitud de justificaci\u00f3n de \u201cllegada tarde\u201d y\/o retiro \u201canticipado\u201d<\/strong><\/a><\/p>\n<p><a href=\"https:\/\/drive.google.com\/file\/d\/19lTjvROdbEp5HsFe_bo-k9ctNFhVBvqZ\/view?usp=sharing\"><strong>D7a Renuncia por causas particulares (personal docente titular exclusivamente)<\/strong><\/a><\/p>\n<p><a href=\"https:\/\/drive.google.com\/file\/d\/1QL9YeobCg5EIjD9cpVQarRycinm4XAiH\/view?usp=sharing\"><strong>D7b Renuncia a m\u00f3dulos\/horas c\u00e1tedra provisionales o suplentes<\/strong><\/a><\/p>\n<p><a href=\"https:\/\/drive.google.com\/file\/d\/1GuAXVesqPPsBhpPynjmynOzgCthNwZlk\/view?usp=sharing\"><strong>D10a Constancia de asistencia<\/strong><\/a><\/p>\n<p><a href=\"https:\/\/drive.google.com\/file\/d\/1Z9wiJa2yVs1S_ae4O01IKNdEPnSZeLZV\/view?usp=sharing\"><strong>D10b Constancia de asistencia a mesa examinadora<\/strong><\/a><\/p>\n<p><a href=\"https:\/\/drive.google.com\/file\/d\/1pw2e7J5oVlEWo-XonxNbzZPFe3Khjb2O\/view?usp=sharing\"><strong>D10c Constancia de desempe\u00f1o en el instituto<\/strong><\/a><\/p>\n<p><a href=\"https:\/\/drive.google.com\/file\/d\/1HWf9kNM_E5wxN4wQjJUKFbkOgkgkqBHa\/view?usp=sharing\"><strong>D10d Certificaci\u00f3n de servicios<\/strong><\/a><\/p>\n<p>Otra informaci\u00f3n y formularios importantes<\/p>\n<p><b><a href=\"https:\/\/drive.google.com\/file\/d\/1CxnT1_MXEdJV6TVYV-aeWKOvWuH6J1Au\/view?usp=sharing\">Resumen de licencias y como se tramitan<\/a>\u00a0<\/b><\/p>\n<p><a href=\"https:\/\/drive.google.com\/file\/d\/1laIb2z00aXUygraMyU5tvfNxa83-_pB4\/view?usp=sharing\">Comunicado S2 584- LIC 115 A1 Y 115C<\/a><\/p>\n<p><a href=\"https:\/\/docs.google.com\/document\/d\/16N6I6h8a6NgRfRE58bWuFHvw-k1Roj0T\/edit?usp=sharing&amp;ouid=103250059030289049492&amp;rtpof=true&amp;sd=true\">Formulario 115 A1<\/a><\/p>\n<p><a href=\"https:\/\/docs.google.com\/document\/d\/1DEILRJ72COu2nF5joPLd0YSPbx0jjG57\/edit?usp=sharing&amp;ouid=103250059030289049492&amp;rtpof=true&amp;sd=true\">Formulario 115 C<\/a><\/p>\n<p><a href=\"https:\/\/drive.google.com\/file\/d\/1NP_ErpfHaGhrPHbiNcmuPLQ7gTPmyunT\/view?usp=sharing\"><strong>Constancia general<\/strong><\/a><\/p>\n<p><strong>\u00a0<\/strong><a href=\"https:\/\/drive.google.com\/file\/d\/1M98Exv8VN5SO_aN7-eJkhT49FeYsQKph\/view?usp=sharing\"><strong>Ficha de IOMA<\/strong><\/a><\/p>\n<p><a href=\"https:\/\/drive.google.com\/file\/d\/1WijmGbe2ue2KrsC8dcM9LMTXWOjFbpnz\/view?usp=sharing\"><b>Funcionamiento del sistema de Licencias M\u00e9dicas &#8211; Orientaci\u00f3n\u00a0para los agentes<\/b><\/a><\/p>\n<p><a href=\"https:\/\/drive.google.com\/file\/d\/11yfclXN6dE9svMiLkFE_c5bcg2DPZB-4\/view?usp=sharing\"><b>Formulario de interrupci\u00f3n\u00a0de Licencia Anual Obligatoria (vacaciones)<\/b><\/a><\/p>\n<p><a href=\"https:\/\/drive.google.com\/file\/d\/1igcNGY1NKuwVZjt-UUfPGuKUWK79gmJY\/view?usp=sharing\"><b>Formulario 354 &#8211; Reclamo de antig\u00fcedad\u00a0<\/b><\/a><\/p>\n<p><b><a href=\"https:\/\/drive.google.com\/file\/d\/16U_GXzr0UaTw_VK66ZR7bqT6-g3G8KBo\/view?usp=sharing\">Impuesto a las Ganancias &#8211; Art. 8 Imputaci\u00f3n\u00a04ta categor\u00eda\u00a0<\/a><\/b><\/p>\n<p><a href=\"https:\/\/drive.google.com\/file\/d\/1qZ3O-2LzjvKdNcHDKml2YRAMYDEcALr1\/view?usp=sharing\"><b>Jubilaci\u00f3n<\/b><strong>\u00a0Digital &#8211; Instructivo\u00a0<\/strong><\/a><\/p>\n<p><a href=\"https:\/\/drive.google.com\/open?id=1HGvSpAaeYzXbbTKMoWqagupuqKAkJbl9\"><b>Licencia 114 O4<\/b><\/a><\/p>\n<p><a href=\"https:\/\/drive.google.com\/file\/d\/1bxogqHHVnD_HFAKDPCrsSo79hDRuHYe2\/view?usp=sharing\"><strong>Licencia 114 &#8211; 115 D1 \u2013 Decreto N\u00b0 688\/93<\/strong><\/a><\/p>\n<p><strong><a href=\"https:\/\/drive.google.com\/file\/d\/1rei_6-lfiazhoPddrMWz1t19rN-h2QF3\/view?usp=sharing\">Manual de licencias m\u00e9dicas<\/a> <\/strong><\/p>\n<p><a href=\"https:\/\/drive.google.com\/file\/d\/1IRltcMhyaiknvJy6azSjCZsE-2Qmj3tE\/view?usp=sharing\"><strong>Nota para justificar inasistencia por inclemencia\u00a0<\/strong><\/a><a href=\"https:\/\/drive.google.com\/file\/d\/1IRltcMhyaiknvJy6azSjCZsE-2Qmj3tE\/view?usp=sharing\"><b>clim\u00e1tica<\/b><\/a><\/p>\n<p><a href=\"https:\/\/drive.google.com\/open?id=1GEbrX5ElBFUft9Tfc2UptPqQaXHSRxnc\"><strong>Nota 114 H por profilaxis por mayores de 60 a\u00f1os<\/strong><\/a><\/p>\n<p><a href=\"https:\/\/drive.google.com\/file\/d\/1iRIcdVeRJVhH1y2BxLzhcN4vb9NbBCdK\/view?usp=sharing\"><b>Reconocimiento de antig\u00fcedad\u00a0<\/b><b>docente de otros organismos<\/b><\/a><\/p>\n<p><a href=\"https:\/\/drive.google.com\/file\/d\/1XX7XDQK6xDTKMh8x_cCmAAtiyv2ml0pJ\/view?usp=sharing\"><b>Sistema de reclamos &#8211; Instructivo<\/b><\/a><\/p>\n<p><a href=\"https:\/\/docs.google.com\/document\/d\/1MLF8d5VkPifAOnfAqqjqfPHhvsM59RO7YccMnlhnWjo\/edit?usp=sharing\">Nota adjunta a licencias. Comunicado 95\/21<\/a><\/p>\n\n\n<div class=\"wp-block-file\"><a id=\"wp-block-file--media-54bba7f6-2c16-4a4f-9dc6-24a0c5f38d5f\" href=\"https:\/\/isfd106-bue.infd.edu.ar\/sitio\/wp-content\/uploads\/2022\/08\/licencia-para-la-realizacin-de-exmenes-preventivos-42384.pdf\">licencia-para-la-realizacin-de-exmenes-preventivos-42384<\/a><a href=\"https:\/\/isfd106-bue.infd.edu.ar\/sitio\/wp-content\/uploads\/2022\/08\/licencia-para-la-realizacin-de-exmenes-preventivos-42384.pdf\" class=\"wp-block-file__button wp-element-button\" download aria-describedby=\"wp-block-file--media-54bba7f6-2c16-4a4f-9dc6-24a0c5f38d5f\">Descarga<\/a><\/div>\n","protected":false},"excerpt":{"rendered":"<p>Desde esta secci\u00f3n se pueden descargar los formularios de uso com\u00fan para el nivel que se encuentran en el Manual de Procedimientos Administrativos para los institutos de Educaci\u00f3n Superior DOCENTES\u00a0(todos est\u00e1n indicados con la letra D seguidos de un numero) D1 Declaraci\u00f3n Jurada de Superior D2 Legajo del personal docente D3 Actualizaci\u00f3n legajo docente D6b &#8230; <a title=\"Formularios Docentes\" class=\"read-more\" href=\"https:\/\/isfd106-bue.infd.edu.ar\/sitio\/formularios-docentes\/\" aria-label=\"More on Formularios Docentes\">[+]<\/a><\/p>\n","protected":false},"author":386,"featured_media":0,"parent":0,"menu_order":0,"comment_status":"closed","ping_status":"closed","template":"","meta":[],"acf":[],"_links":{"self":[{"href":"https:\/\/isfd106-bue.infd.edu.ar\/sitio\/wp-json\/wp\/v2\/pages\/955"}],"collection":[{"href":"https:\/\/isfd106-bue.infd.edu.ar\/sitio\/wp-json\/wp\/v2\/pages"}],"about":[{"href":"https:\/\/isfd106-bue.infd.edu.ar\/sitio\/wp-json\/wp\/v2\/types\/page"}],"author":[{"embeddable":true,"href":"https:\/\/isfd106-bue.infd.edu.ar\/sitio\/wp-json\/wp\/v2\/users\/386"}],"replies":[{"embeddable":true,"href":"https:\/\/isfd106-bue.infd.edu.ar\/sitio\/wp-json\/wp\/v2\/comments?post=955"}],"version-history":[{"count":32,"href":"https:\/\/isfd106-bue.infd.edu.ar\/sitio\/wp-json\/wp\/v2\/pages\/955\/revisions"}],"predecessor-version":[{"id":4087,"href":"https:\/\/isfd106-bue.infd.edu.ar\/sitio\/wp-json\/wp\/v2\/pages\/955\/revisions\/4087"}],"wp:attachment":[{"href":"https:\/\/isfd106-bue.infd.edu.ar\/sitio\/wp-json\/wp\/v2\/media?parent=955"}],"curies":[{"name":"wp","href":"https:\/\/api.w.org\/{rel}","templated":true}]}}