{"id":868,"date":"2019-11-04T08:35:20","date_gmt":"2019-11-04T11:35:20","guid":{"rendered":"https:\/\/isfd106-bue.infd.edu.ar\/sitio\/?page_id=868"},"modified":"2025-09-03T21:24:03","modified_gmt":"2025-09-04T00:24:03","slug":"formularios-alumnos","status":"publish","type":"page","link":"https:\/\/isfd106-bue.infd.edu.ar\/sitio\/formularios-alumnos\/","title":{"rendered":"Formularios Alumnos"},"content":{"rendered":"<p>Desde esta secci\u00f3n se pueden descargar los formularios de uso com\u00fan para el nivel que se encuentran en el Manual de Procedimientos Administrativos para los institutos de Educaci\u00f3n Superior<\/p>\n<p>Debe descargar la constancia, llenarla e imprimirla. Entregarla en la preceptor\u00eda y retirarla en el tiempo establecido para dicho tr\u00e1mite.<\/p>\n<p>Tiene dos opciones, en Word para rellenarla digitalmente. Debe cliquear para descargarlo.<\/p>\n<p><span style=\"color: #ff00ff;\">ALUMNOS<\/span> (todos est\u00e1n indicados con la letra A seguidos de un n\u00famero)<\/p>\n<p><strong>A1 Solicitud de inscripci\u00f3n <\/strong>\u00a0&#8211;\u00a0 <a href=\"https:\/\/drive.google.com\/open?id=1ANEDJQdTsIQ8qy45_tIPFG5ctHYCTThU\">en PDF<\/a><\/p>\n<p><strong>A4a Ficha foni\u00e1trica\u00a0 &#8211;<\/strong><a href=\"https:\/\/drive.google.com\/file\/d\/1GcJlvWuoF-oWs2rQDXVvGB2w9gu1Xp3V\/view?usp=sharing\">\u00a0en PDF<\/a><\/p>\n<p><strong>A4c Aptitud fonoaudiol\u00f3gica <\/strong>\u00a0 &#8211; <a href=\"https:\/\/drive.google.com\/file\/d\/1VVrhX2gna8G1lNskQUanL5_Kt3xUTnyf\/view?usp=sharing\">en PDF<\/a><\/p>\n<p><strong>A4c Aptitud fonoaudiol\u00f3gica Renovaci\u00f3n <\/strong>\u00a0 &#8211; <a href=\"https:\/\/drive.google.com\/file\/d\/1vhIjMrlZL_-A827yyXj6JO-kIKHlaexp\/view?usp=sharing\">en PDF<\/a><\/p>\n<p><strong>A4d Ficha ad hoc Foniatr\u00eda <\/strong>\u00a0&#8211;\u00a0 <a href=\"https:\/\/drive.google.com\/open?id=1b8WTf4j707lqlyvK0gZwCBPQKtw8nFuH\">en PDF<\/a><\/p>\n<p><strong>A7 Constancia de alumno regular\u00a0<\/strong> &#8211; <a href=\"https:\/\/drive.google.com\/file\/d\/1uhqxXVZ21WoFylxHfJGASJaLm5rvUB_t\/view?usp=sharing\">en PDF<\/a><\/p>\n<p><strong>A8 Constancia asistencia a ex\u00e1menes<\/strong>\u00a0 &#8211; <a href=\"https:\/\/drive.google.com\/file\/d\/1Vjg0SEWH3qKgN75yh1MRSkFjK9wBmTJU\/view?usp=sharing\">en PDF<\/a><\/p>\n<p><strong>A9 Constancia del porcentaje de perspect<\/strong><strong>i<\/strong><strong>vas, espacios o \u00e1reas aprobadas\u00a0<\/strong> &#8211; en PDF<\/p>\n<p><strong>A9b Constancia del porcentaje de perspect<\/strong><strong>i<\/strong><strong>vas, espacios o \u00e1reas aprobadas &#8211; <em>PRIMARIA<\/em>\u00a0<\/strong>&#8211; <a href=\"https:\/\/drive.google.com\/file\/d\/1Sc7PT8BVjekZ0P7QUboNJnT1-LiIympu\/view?usp=sharing\">en PDF<\/a><\/p>\n<p><strong>A9b Constancia del porcentaje de perspect<\/strong><strong>i<\/strong><strong>vas, espacios o \u00e1reas aprobadas &#8211; <em>MATEM\u00c1TICA (plan nuevo) <\/em><\/strong>&#8211; <a href=\"https:\/\/drive.google.com\/file\/d\/13gcEs0_Aqs4loyAicGTDhbmlgGYvJ6hO\/view?usp=sharing\">en PDF<\/a><\/p>\n<p><strong>A9b Constancia del porcentaje de perspect<\/strong><strong>i<\/strong><strong>vas, espacios o \u00e1reas aprobadas &#8211; <em>MATEM\u00c1TICA (plan viejo) <\/em><\/strong>&#8211; <a href=\"https:\/\/drive.google.com\/file\/d\/1zNJhjWRSF4QScRTq_7m-diir3PHZPWta\/view?usp=sharing\">en PDF<\/a><\/p>\n<p><strong>A9b Constancia del porcentaje de perspect<\/strong><strong>i<\/strong><strong>vas, espacios o \u00e1reas aprobadas &#8211; <em>CIENCIAS NATURALES (1er y 2do a\u00f1o) <\/em><\/strong>&#8211; <a href=\"https:\/\/drive.google.com\/file\/d\/1ZwtTvYjumVGsGFUPBg19eAqIgig4ywwp\/view?usp=sharing\">en PDF\u00a0<\/a><\/p>\n<p><strong>A9b Constancia del porcentaje de perspect<\/strong><strong>i<\/strong><strong>vas, espacios o \u00e1reas aprobadas &#8211; <em>BIOLOG\u00cdA (plan viejo)<\/em><\/strong>\u00a0&#8211; <a href=\"https:\/\/drive.google.com\/file\/d\/1_ycwS0T33--tGPfrcL1XTxiwCGmzJiEt\/view?usp=sharing\">en PDF<\/a><\/p>\n<p><strong>A9b Constancia del porcentaje de perspect<\/strong><strong>i<\/strong><strong>vas, espacios o \u00e1reas aprobadas &#8211; <em>BIOLOG\u00cdA (plan nuevo)<\/em><\/strong> &#8211; <a href=\"https:\/\/drive.google.com\/file\/d\/1w2W8Vvj7Z3J1EUuxXT_hBDSl13g2Jsmp\/view?usp=sharing\">en PDF<\/a><\/p>\n<p><strong>A9b Constancia del porcentaje de perspect<\/strong><strong>i<\/strong><strong>vas, espacios o \u00e1reas aprobadas &#8211; <em>F\u00cdSICA (plan viejo)<\/em>\u00a0<\/strong>&#8211; <a href=\"https:\/\/drive.google.com\/file\/d\/1_bw3EN3bLcOKdxBfmDxGWxIchQvNfAsj\/view?usp=sharing\">en PDF\u00a0<\/a><\/p>\n<p><strong>A9b Constancia del porcentaje de perspect<\/strong><strong>i<\/strong><strong>vas, espacios o \u00e1reas aprobadas &#8211; <em>F\u00cdSICA (plan nuevo)<\/em>\u00a0<\/strong>&#8211;<a href=\"https:\/\/drive.google.com\/file\/d\/1vvzjiZU0v7sAY2ylMKncGC2HA9gjVCR3\/view?usp=sharing\"> en PDF<\/a><\/p>\n<p><strong>A9b Constancia del porcentaje de perspect<\/strong><strong>i<\/strong><strong>vas, espacios o \u00e1reas aprobadas &#8211; <em>QU\u00cdMICA (plan viejo)<\/em>\u00a0&#8211; <\/strong><a href=\"https:\/\/drive.google.com\/file\/d\/1yyMjn1XFlPGdYG09KwdXdaoZG5j8vq-4\/view?usp=sharing\">e<\/a><a href=\"https:\/\/drive.google.com\/file\/d\/1yyMjn1XFlPGdYG09KwdXdaoZG5j8vq-4\/view?usp=sharing\">n PDF<\/a><\/p>\n<p><strong>A9b Constancia del porcentaje de perspect<\/strong><strong>i<\/strong><strong>vas, espacios o \u00e1reas aprobadas &#8211; <em>QU\u00cdMICA (plan nuevo) <\/em>&#8211; <\/strong><a href=\"https:\/\/drive.google.com\/file\/d\/1h92jgwSj6cuxuLDrcsG4WMcGeVIsSqOk\/view?usp=sharing\">en PDF<\/a><\/p>\n<p><b>A11\u00a0 Constancia de\u00a0<\/b><b>observaciones<\/b><b>, pr\u00e1ctica y\/o residencia\u00a0<\/b> &#8211; <a href=\"https:\/\/drive.google.com\/file\/d\/19-xH0yy8AT4LyLT6I6Msg1X9XuGWuSoN\/view?usp=sharing\">en PDF<\/a><\/p>\n<p><strong>A11a Constancia de campamentos, trabajos pr\u00e1cticos obligatorios, y\/p lecci\u00f3n paseo<\/strong> \u00a0&#8211; <a href=\"https:\/\/drive.google.com\/file\/d\/1kEzU-B9QDvfayUeLM0ULvedsxUGa-wbE\/view?usp=sharing\">en PDF<\/a><\/p>\n<p><b>A11b\u00a0 Constancia de\u00a0<\/b><b>observaciones<\/b><b>, pr\u00e1ctica y\/o residencia para periodo de clases\u00a0<\/b><b>te\u00f3ricas\u00a0<\/b>\u00a0 &#8211;<a href=\"https:\/\/drive.google.com\/file\/d\/1FKD8-SVdmkL2Pox4O324b0f9sdY2gW11\/view?usp=sharing\"> en PDF<\/a><\/p>\n<p><strong>A12\u00a0 Certificado de estudios superiores completos, t\u00edtulo en tr\u00e1mite<\/strong>\u00a0 &#8211; <a href=\"https:\/\/docs.google.com\/document\/d\/1CnnqrtXb2AyEYwk4bcx1hFhfm00Q1pLYDc1VvyqrO2Q\/edit?usp=sharing\">en<\/a> <a href=\"https:\/\/docs.google.com\/document\/d\/1CnnqrtXb2AyEYwk4bcx1hFhfm00Q1pLYDc1VvyqrO2Q\/edit?usp=sharing\">Word<\/a><\/p>\n<p><strong>A14 Solicitud de equivalencias.\u00a0<\/strong><b>Resumen<\/b>\u00a0 &#8211; <a href=\"https:\/\/drive.google.com\/file\/d\/1-8NgquryqTJCll8yQ4y3sZNUMVzZywwW\/view?usp=sharing\">en PDF<\/a><\/p>\n<p><strong>A14a Solicitud de equivalencias por materia<\/strong> \u00a0&#8211; <a href=\"https:\/\/drive.google.com\/file\/d\/1R0AqIJSy0Y-lnYvVzcUHWSOi_MlTw_ny\/view?usp=sharing\">en PDF<\/a><\/p>\n<p><b>A16c Parte de asistencia. Espacio de la pr\u00e1ctica <\/b>\u00a0&#8211; en PDF<\/p>\n<p><strong>Nota de presentaci\u00f3n al ED<\/strong>\u00a0 &#8211; <a href=\"https:\/\/drive.google.com\/file\/d\/1wr-8aUcxMPLn9uAxLIbwcV_5dSbyOO17\/view?usp=sharing\">en PDF<\/a><\/p>\n<p><strong>Nota de solicitud de inicio de tr\u00e1mite de t\u00edtulo<\/strong>\u00a0 &#8211; <a href=\"https:\/\/drive.google.com\/file\/d\/1inl0BCrjjbYNcD-ihEEe4SWvprUqPRXg\/view?usp=sharing\">en PDF<\/a><\/p>\n<p><strong>Constancia de tres firmas &#8211;\u00a0<\/strong><em><strong>PRIMARIA<\/strong> &#8211; <a href=\"https:\/\/drive.google.com\/file\/d\/1Va2cIJEwMe98I3e8b0OwCo19ouFJxAWj\/view?usp=share_link\">en PDF<\/a><\/em><\/p>\n<p><strong>Constancia de tres firmas &#8211; <em>MATEM\u00c1TICA<\/em><em> (plan viejo)<\/em><\/strong> &#8211; <a href=\"https:\/\/drive.google.com\/file\/d\/1eG3jv9_1u4MbQyLBWUxrfs_VHx7fMbo8\/view?usp=share_link\">en PDF<\/a><\/p>\n<p><strong>Constancia de tres firmas &#8211; <em>MATEM\u00c1TICA<\/em><em> (plan nuevo)<\/em> <\/strong>&#8211; <a href=\"https:\/\/drive.google.com\/file\/d\/1sA_4ZkPnEs6pqSh51zk0lBLnrPGfmCI5\/view?usp=share_link\">en PDF<\/a><\/p>\n<p><strong>Constancia de tres firmas &#8211; <em>BIOLOG\u00cdA<\/em><\/strong> &#8211; <a href=\"https:\/\/drive.google.com\/file\/d\/1yvFHYbvnmJrWkzcxuBCZk3kn4xoalmdL\/view?usp=sharing\">en PDF<\/a><\/p>\n<p><strong>Constancia de tres firmas &#8211; <em>F\u00cdSICA<\/em><\/strong> &#8211; <a href=\"https:\/\/drive.google.com\/file\/d\/1ORhqeUcevQeNvkd4S2b3f7KTbgMoYhCQ\/view?usp=share_link\">en PDF<\/a><\/p>\n<p><strong>Constancia de tres firmas &#8211; <em>QU\u00cdMICA<\/em><\/strong> &#8211; <a href=\"https:\/\/drive.google.com\/file\/d\/1TDhHDe6Tof1LjPxrmCFQ--kw94mG6s3m\/view?usp=sharing\">en PDF<\/a><\/p>\n<p><strong>Certificado de aptitud f\u00edsica<\/strong> &#8211; se entrega con carpeta<\/p>\n<p><strong>Solicitud para apto ps\u00edquico<\/strong> &#8211; se entrega con carpeta<\/p>\n<p><strong>Constancia de programa para solicitud de equivalencias en otra instituci\u00f3n<\/strong>\u00a0 \u00a0&#8211;\u00a0 <a href=\"https:\/\/drive.google.com\/file\/d\/16A4SSWjLSgUo2cZTbOk4LXDK6bz7y0iG\/view?usp=sharing\">en PDF<\/a><\/p>\n<p><strong>Constancia para inscripci\u00f3n Listado<\/strong> <strong>108 B <em>Primaria <\/em><\/strong>&#8211; <a href=\"https:\/\/drive.google.com\/file\/d\/14-XITs_zt8EY22kFdOQapmwUftpjnz_F\/view?usp=sharing\">en PDF<\/a><\/p>\n<p><strong>Constancia para inscripci\u00f3n Listado<\/strong> <strong>108 B <em>Matematica Plan Viejo <\/em><\/strong>&#8211; <a href=\"https:\/\/drive.google.com\/file\/d\/1FUbiIQfrb4J5BB8W2myK451sp8A9bk_Z\/view?usp=sharing\">en PDF<\/a><\/p>\n<p><strong>Constancia para inscripci\u00f3n Listado<\/strong> <strong>108 B <em>Matem\u00e1tica Plan Nuevo <\/em><\/strong>&#8211; <a href=\"https:\/\/drive.google.com\/file\/d\/1H_JEWUZDFVFQSdHTVlGbd_7yS2LDjpBQ\/view?usp=sharing\">en PDF<\/a><\/p>\n<p><strong>Constancia para inscripci\u00f3n Listado<\/strong> <strong>108 B <em>Biolog\u00eda <\/em><\/strong>&#8211; <a href=\"https:\/\/drive.google.com\/file\/d\/1H3tN2DC64o08cFliyyO2-mG83IMfPN7F\/view?usp=sharing\">en PDF<\/a><\/p>\n<p><strong>Constancia para inscripci\u00f3n Listado<\/strong> <strong>108 B <em>Biolog\u00eda en Plan Nuevo <\/em><\/strong>&#8211; <a href=\"https:\/\/drive.google.com\/file\/d\/10OK9pjEVDPhIUj56HI4_lZIoM5iKzeFe\/view?usp=sharing\">en PDF<\/a><\/p>\n<p><strong>Constancia para inscripci\u00f3n Listado<\/strong> <strong>108 B <em>F\u00edsica <\/em><\/strong>&#8211; <a href=\"https:\/\/drive.google.com\/file\/d\/1JzSy5vq41xerDEJ8T3RJf1L4gbKXlNok\/view?usp=sharing\">en PDF<\/a><\/p>\n<p><strong>Constancia para inscripci\u00f3n Listado<\/strong> <strong>108 B <em>F\u00edsica Plan Nuevo<\/em><em>\u00a0<\/em><\/strong>&#8211; <a href=\"https:\/\/drive.google.com\/file\/d\/11PYD0flGhC1kGZn3rvmxw24nXWb5L_mc\/view?usp=sharing\">en PDF<\/a><\/p>\n<p><strong>Constancia para inscripci\u00f3n Listado<\/strong> <strong>108 B <em>Qu\u00edmica <\/em><\/strong>&#8211; <a href=\"https:\/\/drive.google.com\/file\/d\/1-7f6jfU4COgYpOhbEvtQvmwot0F_asmV\/view?usp=sharing\">en PDF<\/a><\/p>\n<p><strong>Constancia para inscripci\u00f3n Listado<\/strong> <strong>108 B <em>Qu\u00edmica Plan Nuevo<\/em><em>\u00a0<\/em><\/strong>&#8211; <a href=\"https:\/\/drive.google.com\/file\/d\/1_Ps7YJ47Mbo5FjwGy1BiLVYYFnQdML2A\/view?usp=sharing\">en PDF<\/a><\/p>\n","protected":false},"excerpt":{"rendered":"<p>Desde esta secci\u00f3n se pueden descargar los formularios de uso com\u00fan para el nivel que se encuentran en el Manual de Procedimientos Administrativos para los institutos de Educaci\u00f3n Superior Debe descargar la constancia, llenarla e imprimirla. Entregarla en la preceptor\u00eda y retirarla en el tiempo establecido para dicho tr\u00e1mite. Tiene dos opciones, en Word para &#8230; <a title=\"Formularios Alumnos\" class=\"read-more\" href=\"https:\/\/isfd106-bue.infd.edu.ar\/sitio\/formularios-alumnos\/\" aria-label=\"More on Formularios Alumnos\">[+]<\/a><\/p>\n","protected":false},"author":386,"featured_media":0,"parent":0,"menu_order":0,"comment_status":"closed","ping_status":"closed","template":"","meta":[],"acf":[],"_links":{"self":[{"href":"https:\/\/isfd106-bue.infd.edu.ar\/sitio\/wp-json\/wp\/v2\/pages\/868"}],"collection":[{"href":"https:\/\/isfd106-bue.infd.edu.ar\/sitio\/wp-json\/wp\/v2\/pages"}],"about":[{"href":"https:\/\/isfd106-bue.infd.edu.ar\/sitio\/wp-json\/wp\/v2\/types\/page"}],"author":[{"embeddable":true,"href":"https:\/\/isfd106-bue.infd.edu.ar\/sitio\/wp-json\/wp\/v2\/users\/386"}],"replies":[{"embeddable":true,"href":"https:\/\/isfd106-bue.infd.edu.ar\/sitio\/wp-json\/wp\/v2\/comments?post=868"}],"version-history":[{"count":46,"href":"https:\/\/isfd106-bue.infd.edu.ar\/sitio\/wp-json\/wp\/v2\/pages\/868\/revisions"}],"predecessor-version":[{"id":3960,"href":"https:\/\/isfd106-bue.infd.edu.ar\/sitio\/wp-json\/wp\/v2\/pages\/868\/revisions\/3960"}],"wp:attachment":[{"href":"https:\/\/isfd106-bue.infd.edu.ar\/sitio\/wp-json\/wp\/v2\/media?parent=868"}],"curies":[{"name":"wp","href":"https:\/\/api.w.org\/{rel}","templated":true}]}}