{"id":850,"date":"2019-09-03T14:39:00","date_gmt":"2019-09-03T17:39:00","guid":{"rendered":"https:\/\/isfd106-bue.infd.edu.ar\/sitio\/?page_id=850"},"modified":"2024-12-18T10:45:01","modified_gmt":"2024-12-18T13:45:01","slug":"titulo","status":"publish","type":"page","link":"https:\/\/isfd106-bue.infd.edu.ar\/sitio\/titulo\/","title":{"rendered":"T\u00cdTULOS"},"content":{"rendered":"<h3 style=\"text-align: center;\"><span style=\"color: #ff0000;\"><em><strong>REND\u00cd MI \u00daLTIMO FINAL<\/strong><\/em>&#8230; y ahora qu\u00e9 debo hacer???<\/span><\/h3>\n<h4><em>Primeramente alegrarse por haber terminado su carrera docente y compartir la emoci\u00f3n con sus seres queridos&#8230;<\/em><\/h4>\n<p>Luego de eso debe realizar lo siguiente:<\/p>\n<ol>\n<li>Traer al instituto la siguiente documentaci\u00f3n completa y entregar a su preceptor:\u00a0<\/li>\n<\/ol>\n<ul>\n<li>Formulario correspondiente\u00a0 (<a href=\"https:\/\/drive.google.com\/file\/d\/1_rxtVaMf9qqWUR93ReoxG7JzsGa6K_Ht\/view?usp=drive_link\">BAJAR AQUI<\/a>)con todos los datos solicitados.<\/li>\n<li>Copia del DNI y partida de nacimiento<\/li>\n<\/ul>\n<p>Luego de esto deber\u00e1 esperar que nos comuniquemos con usted. <em><strong>N<em>o<\/em> sea impaciente<\/strong><\/em> todo tr\u00e1mite administrativo lleva su tiempo, y m\u00e1s en la confecci\u00f3n del t\u00edtulo, que hay que controlar todo muy bien, para evitar futuros conflictos!!!<\/p>\n<p>Agradecemos su comprensi\u00f3n y colaboraci\u00f3n!!!<\/p>\n<h4 style=\"text-align: center;\"><em><span style=\"color: #008000;\">FELICIDADES COLEGA!!!\u00a0<\/span><\/em><\/h4>\n<p>Para m\u00e1s informaci\u00f3n acerca de tr\u00e1mites de t\u00edtulo:<\/p>\n<p><a href=\"http:\/\/servicios.abc.gov.ar\/servicios\/buscadores\/estados.de.titulos\/?q=28673191\">Consulta de estados y veracidad de los t\u00edtulos<\/a><\/p>\n<p><a href=\"https:\/\/www.argentina.gob.ar\/validez-nacional-de-titulos\/educacion-superior\">Validez Nacional de t\u00edtulos\u00a0<\/a><\/p>\n\n\n<p><\/p>\n","protected":false},"excerpt":{"rendered":"<p>REND\u00cd MI \u00daLTIMO FINAL&#8230; y ahora qu\u00e9 debo hacer??? Primeramente alegrarse por haber terminado su carrera docente y compartir la emoci\u00f3n con sus seres queridos&#8230; Luego de eso debe realizar lo siguiente: Traer al instituto la siguiente documentaci\u00f3n completa y entregar a su preceptor:\u00a0 Formulario correspondiente\u00a0 (BAJAR AQUI)con todos los datos solicitados. Copia del DNI &#8230; <a title=\"T\u00cdTULOS\" class=\"read-more\" href=\"https:\/\/isfd106-bue.infd.edu.ar\/sitio\/titulo\/\" aria-label=\"More on T\u00cdTULOS\">[+]<\/a><\/p>\n","protected":false},"author":386,"featured_media":0,"parent":0,"menu_order":0,"comment_status":"closed","ping_status":"closed","template":"","meta":[],"acf":[],"_links":{"self":[{"href":"https:\/\/isfd106-bue.infd.edu.ar\/sitio\/wp-json\/wp\/v2\/pages\/850"}],"collection":[{"href":"https:\/\/isfd106-bue.infd.edu.ar\/sitio\/wp-json\/wp\/v2\/pages"}],"about":[{"href":"https:\/\/isfd106-bue.infd.edu.ar\/sitio\/wp-json\/wp\/v2\/types\/page"}],"author":[{"embeddable":true,"href":"https:\/\/isfd106-bue.infd.edu.ar\/sitio\/wp-json\/wp\/v2\/users\/386"}],"replies":[{"embeddable":true,"href":"https:\/\/isfd106-bue.infd.edu.ar\/sitio\/wp-json\/wp\/v2\/comments?post=850"}],"version-history":[{"count":17,"href":"https:\/\/isfd106-bue.infd.edu.ar\/sitio\/wp-json\/wp\/v2\/pages\/850\/revisions"}],"predecessor-version":[{"id":3922,"href":"https:\/\/isfd106-bue.infd.edu.ar\/sitio\/wp-json\/wp\/v2\/pages\/850\/revisions\/3922"}],"wp:attachment":[{"href":"https:\/\/isfd106-bue.infd.edu.ar\/sitio\/wp-json\/wp\/v2\/media?parent=850"}],"curies":[{"name":"wp","href":"https:\/\/api.w.org\/{rel}","templated":true}]}}