{"id":765,"date":"2018-08-29T20:17:07","date_gmt":"2018-08-29T23:17:07","guid":{"rendered":"https:\/\/isfd106-bue.infd.edu.ar\/sitio\/autoridades\/"},"modified":"2025-07-23T10:45:12","modified_gmt":"2025-07-23T13:45:12","slug":"autoridades","status":"publish","type":"page","link":"https:\/\/isfd106-bue.infd.edu.ar\/sitio\/autoridades\/","title":{"rendered":"Autoridades"},"content":{"rendered":"<h4><strong>Directora: <\/strong><b>\u00a0Lic. Lorena GIL<\/b><\/h4>\n<h4><strong>Vicedirectora: <\/strong><b>Lic.<\/b> Olga PI\u00d1EIRO<\/h4>\n<h4 class=\"Titulo1\" style=\"text-align: left;\"><strong class=\"Titulo1\">Regente: <\/strong><strong class=\"Titulo1\">Prof. M\u00f3nica AIASSA\u00a0<\/strong><\/h4>\n<h4 class=\"Titulo1\" style=\"text-align: left;\"><strong>Secretaria: <\/strong><strong>Prof. Flavia SANTILL\u00c1N\u00a0<\/strong><\/h4>\n<h4><strong>ProSecretario: <\/strong><strong>Prof. Aldo ROSSINI\u00a0<\/strong><\/h4>\n<h4 class=\"Titulo1\" style=\"text-align: left;\"><strong class=\"Titulo1\">Jefe de \u00c1rea de Ciencias Naturales: <\/strong><strong class=\"Titulo1\">Prof. Ariel RODRIGUEZ\u00a0\u00a0<\/strong><\/h4>\n<h4><strong class=\"Titulo1\">Jefe de \u00c1rea de Educaci\u00f3n Primaria: Prof. Romel\u00ed CEBRIAN<\/strong><\/h4>\n","protected":false},"excerpt":{"rendered":"<p>Directora: \u00a0Lic. Lorena GIL Vicedirectora: Lic. Olga PI\u00d1EIRO Regente: Prof. M\u00f3nica AIASSA\u00a0 Secretaria: Prof. Flavia SANTILL\u00c1N\u00a0 ProSecretario: Prof. Aldo ROSSINI\u00a0 Jefe de \u00c1rea de Ciencias Naturales: Prof. Ariel RODRIGUEZ\u00a0\u00a0 Jefe de \u00c1rea de Educaci\u00f3n Primaria: Prof. Romel\u00ed CEBRIAN<\/p>\n","protected":false},"author":386,"featured_media":1354,"parent":0,"menu_order":0,"comment_status":"closed","ping_status":"closed","template":"","meta":[],"acf":[],"_links":{"self":[{"href":"https:\/\/isfd106-bue.infd.edu.ar\/sitio\/wp-json\/wp\/v2\/pages\/765"}],"collection":[{"href":"https:\/\/isfd106-bue.infd.edu.ar\/sitio\/wp-json\/wp\/v2\/pages"}],"about":[{"href":"https:\/\/isfd106-bue.infd.edu.ar\/sitio\/wp-json\/wp\/v2\/types\/page"}],"author":[{"embeddable":true,"href":"https:\/\/isfd106-bue.infd.edu.ar\/sitio\/wp-json\/wp\/v2\/users\/386"}],"replies":[{"embeddable":true,"href":"https:\/\/isfd106-bue.infd.edu.ar\/sitio\/wp-json\/wp\/v2\/comments?post=765"}],"version-history":[{"count":5,"href":"https:\/\/isfd106-bue.infd.edu.ar\/sitio\/wp-json\/wp\/v2\/pages\/765\/revisions"}],"predecessor-version":[{"id":3949,"href":"https:\/\/isfd106-bue.infd.edu.ar\/sitio\/wp-json\/wp\/v2\/pages\/765\/revisions\/3949"}],"wp:featuredmedia":[{"embeddable":true,"href":"https:\/\/isfd106-bue.infd.edu.ar\/sitio\/wp-json\/wp\/v2\/media\/1354"}],"wp:attachment":[{"href":"https:\/\/isfd106-bue.infd.edu.ar\/sitio\/wp-json\/wp\/v2\/media?parent=765"}],"curies":[{"name":"wp","href":"https:\/\/api.w.org\/{rel}","templated":true}]}}