{"id":760,"date":"2018-08-29T20:17:05","date_gmt":"2018-08-29T23:17:05","guid":{"rendered":"https:\/\/isfd106-bue.infd.edu.ar\/sitio\/docentes\/"},"modified":"2022-11-22T11:59:02","modified_gmt":"2022-11-22T14:59:02","slug":"docentes","status":"publish","type":"page","link":"https:\/\/isfd106-bue.infd.edu.ar\/sitio\/docentes\/","title":{"rendered":"SECRETAR\u00cdA- DOCENTES"},"content":{"rendered":"<p>Este espacio esta dedicado al cuerpo docente, en el podr\u00e1 encontrar toda la informaci\u00f3n y documentaci\u00f3n necesaria.<\/p>\n<p><\/p>\n\n\n<figure class=\"wp-block-embed is-type-wp-embed is-provider-genially wp-block-embed-genially\"><div class=\"wp-block-embed__wrapper\">\n<iframe class=\"wp-embedded-content\" sandbox=\"allow-scripts\" security=\"restricted\" title=\"Planificaci\u00f3n de Secretaria\" frameborder='0' width='1200' height='675' src='https:\/\/view.genial.ly\/637b9aaf97ec4300193e141b#?secret=GTHKLEF4lX' data-secret='GTHKLEF4lX' scrolling='yes'><\/iframe>\n<\/div><\/figure>\n","protected":false},"excerpt":{"rendered":"<p>Este espacio esta dedicado al cuerpo docente, en el podr\u00e1 encontrar toda la informaci\u00f3n y documentaci\u00f3n necesaria.<\/p>\n","protected":false},"author":386,"featured_media":0,"parent":0,"menu_order":0,"comment_status":"closed","ping_status":"closed","template":"","meta":[],"acf":[],"_links":{"self":[{"href":"https:\/\/isfd106-bue.infd.edu.ar\/sitio\/wp-json\/wp\/v2\/pages\/760"}],"collection":[{"href":"https:\/\/isfd106-bue.infd.edu.ar\/sitio\/wp-json\/wp\/v2\/pages"}],"about":[{"href":"https:\/\/isfd106-bue.infd.edu.ar\/sitio\/wp-json\/wp\/v2\/types\/page"}],"author":[{"embeddable":true,"href":"https:\/\/isfd106-bue.infd.edu.ar\/sitio\/wp-json\/wp\/v2\/users\/386"}],"replies":[{"embeddable":true,"href":"https:\/\/isfd106-bue.infd.edu.ar\/sitio\/wp-json\/wp\/v2\/comments?post=760"}],"version-history":[{"count":6,"href":"https:\/\/isfd106-bue.infd.edu.ar\/sitio\/wp-json\/wp\/v2\/pages\/760\/revisions"}],"predecessor-version":[{"id":3278,"href":"https:\/\/isfd106-bue.infd.edu.ar\/sitio\/wp-json\/wp\/v2\/pages\/760\/revisions\/3278"}],"wp:attachment":[{"href":"https:\/\/isfd106-bue.infd.edu.ar\/sitio\/wp-json\/wp\/v2\/media?parent=760"}],"curies":[{"name":"wp","href":"https:\/\/api.w.org\/{rel}","templated":true}]}}