{"id":751,"date":"2018-08-29T20:17:02","date_gmt":"2018-08-29T23:17:02","guid":{"rendered":"https:\/\/isfd106-bue.infd.edu.ar\/sitio\/ingreso\/"},"modified":"2020-05-27T23:08:11","modified_gmt":"2020-05-28T02:08:11","slug":"ingreso","status":"publish","type":"page","link":"https:\/\/isfd106-bue.infd.edu.ar\/sitio\/ingreso\/","title":{"rendered":"ESTUDIANTES"},"content":{"rendered":"<p>En esta secci\u00f3n podr\u00e1 encontrar toda la informaci\u00f3n referida a los aspectos pedag\u00f3gico\/administrativo, y, de ser necesario bajarse los formularios que necesiten.<\/p>\n<p>&nbsp;<\/p>\n<p>&nbsp;<\/p>\n","protected":false},"excerpt":{"rendered":"<p>En esta secci\u00f3n podr\u00e1 encontrar toda la informaci\u00f3n referida a los aspectos pedag\u00f3gico\/administrativo, y, de ser necesario bajarse los formularios que necesiten. &nbsp; &nbsp;<\/p>\n","protected":false},"author":386,"featured_media":0,"parent":0,"menu_order":0,"comment_status":"closed","ping_status":"closed","template":"","meta":[],"acf":[],"_links":{"self":[{"href":"https:\/\/isfd106-bue.infd.edu.ar\/sitio\/wp-json\/wp\/v2\/pages\/751"}],"collection":[{"href":"https:\/\/isfd106-bue.infd.edu.ar\/sitio\/wp-json\/wp\/v2\/pages"}],"about":[{"href":"https:\/\/isfd106-bue.infd.edu.ar\/sitio\/wp-json\/wp\/v2\/types\/page"}],"author":[{"embeddable":true,"href":"https:\/\/isfd106-bue.infd.edu.ar\/sitio\/wp-json\/wp\/v2\/users\/386"}],"replies":[{"embeddable":true,"href":"https:\/\/isfd106-bue.infd.edu.ar\/sitio\/wp-json\/wp\/v2\/comments?post=751"}],"version-history":[{"count":4,"href":"https:\/\/isfd106-bue.infd.edu.ar\/sitio\/wp-json\/wp\/v2\/pages\/751\/revisions"}],"predecessor-version":[{"id":1385,"href":"https:\/\/isfd106-bue.infd.edu.ar\/sitio\/wp-json\/wp\/v2\/pages\/751\/revisions\/1385"}],"wp:attachment":[{"href":"https:\/\/isfd106-bue.infd.edu.ar\/sitio\/wp-json\/wp\/v2\/media?parent=751"}],"curies":[{"name":"wp","href":"https:\/\/api.w.org\/{rel}","templated":true}]}}