{"id":4053,"date":"2026-03-02T18:39:07","date_gmt":"2026-03-02T21:39:07","guid":{"rendered":"https:\/\/isfd106-bue.infd.edu.ar\/sitio\/?page_id=4053"},"modified":"2026-03-09T21:20:07","modified_gmt":"2026-03-10T00:20:07","slug":"alumno-itinerante","status":"publish","type":"page","link":"https:\/\/isfd106-bue.infd.edu.ar\/sitio\/alumno-itinerante\/","title":{"rendered":"Estudiante Itinerante"},"content":{"rendered":"\n<p>NORMATIVA  &gt;&gt;    <a href=\"https:\/\/drive.google.com\/file\/d\/1EpNp-xRGvLkfQCeb9yLCr_kkSRCUySWm\/view?usp=sharing\" data-type=\"URL\" data-id=\"https:\/\/drive.google.com\/file\/d\/1EpNp-xRGvLkfQCeb9yLCr_kkSRCUySWm\/view?usp=sharing\">Condiciones para la implementaci\u00f3n de la\/el estudiante itinerante<\/a><\/p>\n\n\n\n<p><mark style=\"background-color: rgba(0, 0, 0, 0);\" class=\"has-inline-color has-accent-color\"><b>Consideraciones g<\/b><\/mark><mark style=\"background-color:rgba(0, 0, 0, 0)\" class=\"has-inline-color has-accent-color\"><strong>enerales<\/strong><\/mark><\/p>\n\n\n\n<ol>\n<li>La o el estudiante itinerante es quien cursa como estudiante regular en un IS dependiente<br>de la DGCyE y, al mismo tiempo, cursa una o m\u00e1s unidades curriculares en otro IS de la<br>jurisdicci\u00f3n en la que no se encuentra matriculada o matriculado para acreditar una o m\u00e1s<br>unidades curriculares en un Profesorado o Tecnicatura.<\/li>\n\n\n\n<li>Una o un estudiante podr\u00e1 optar por cursar como itinerante, hasta el 30% de las unidades<br>curriculares (UC) de la carrera. Queda exceptuado el Campo de la Pr\u00e1ctica Docente y Pr\u00e1cticas<br>Profesionalizantes. Cuando los dise\u00f1os curriculares prescriban la cursada en simult\u00e1neo de<br>dos o m\u00e1s unidades curriculares, \u00e9stas deber\u00e1n cursarse en el mismo IS.<\/li>\n\n\n\n<li>La solicitud se realizar\u00e1 en el periodo de inscripci\u00f3n a la\/s unidad\/es curricular\/es teniendo en<br>cuenta las fechas dispuestas por el IS en el que aspira cursar.<\/li>\n\n\n\n<li>Ser\u00e1 condici\u00f3n que la UC en la que solicita cursar corresponda al mismo plan de estudio o bien<br>sea una UC con igual denominaci\u00f3n, carga horaria y contenidos m\u00ednimos prescriptos que en el<br>dise\u00f1o de la carrera en la que se encuentra matriculada o matriculado la o el estudiante.<\/li>\n\n\n\n<li>El IS considerar\u00e1 como \u00fanica variable para aceptar o rechazar la solicitud, el n\u00famero de<br>estudiantes matriculadas o matriculados en la UC en la que se solicita vacante.<\/li>\n\n\n\n<li>La cursada de unidades curriculares realizadas como estudiante itinerante, tendr\u00e1 una validez<br>de ocho turnos consecutivos a partir de la finalizaci\u00f3n de la cursada.<\/li>\n\n\n\n<li>La acreditaci\u00f3n de la UC se deber\u00e1 realizar en el IS donde cursa como itinerante.<\/li>\n\n\n\n<li>La opci\u00f3n de estudiante itinerante podr\u00e1 realizarse en cualquier IS que forme parte del \u00e1mbito<br>de aplicaci\u00f3n de la presente resoluci\u00f3n.<\/li>\n<\/ol>\n\n\n\n<p><mark style=\"background-color:rgba(0, 0, 0, 0)\" class=\"has-inline-color has-accent-color\"><strong>Son responsabilidades de la o el estudiante<\/strong><\/mark><\/p>\n\n\n\n<p><strong><mark style=\"background-color:rgba(0, 0, 0, 0);color:#1fbf20\" class=\"has-inline-color\">En el IS donde esta matriculado:<\/mark><\/strong><\/p>\n\n\n\n<p>\u25cf Solicitar certificado anal\u00edtico parcial actualizado.<\/p>\n\n\n\n<p> \u25cfPresentar Formulario B: \u201cNotificaci\u00f3n IS en el que la\/el<br>estudiante se encuentra matriculada\/o\u201d- POR DUPLICADO CON FIRMAS ORIGINALES<\/p>\n\n\n\n<p>\u25cf una vez acreditada la materia,  debe presentar FORMULARIO D- \u201cConstancia de acreditaci\u00f3n de unidad curricular como estudiante itinerante\u201d<\/p>\n\n\n\n<p><strong><mark style=\"background-color:rgba(0, 0, 0, 0);color:#46b31f\" class=\"has-inline-color\">En el IS donde aspira a cursar como ITINERANTE:<\/mark><\/strong><\/p>\n\n\n\n<p>\u25cf Presentar Formulario A: \u201cSolicitud para cursar unidades curriculares como estudiante itinerante\u201d &#8211; POR DUPLICADO CON FIRMAS ORIGINALES<\/p>\n\n\n\n<p>\u25cfpresentar certificado anal\u00edtico parcial actualizado al momento de la solicitud.<\/p>\n\n\n\n<p>\u25cfUna vez acreditada la UC,  solicitar el Formulario D: \u201cConstancia de acreditaci\u00f3n de unidad curricular como estudiante itinerante\u201d- POR DUPLICADO CON FIRMAS ORIGINALES<\/p>\n\n\n\n<p><mark style=\"background-color:rgba(0, 0, 0, 0)\" class=\"has-inline-color has-accent-color\"><br><\/mark><\/p>\n","protected":false},"excerpt":{"rendered":"<p>NORMATIVA &gt;&gt; Condiciones para la implementaci\u00f3n de la\/el estudiante itinerante Consideraciones generales Son responsabilidades de la o el estudiante En el IS donde esta matriculado: \u25cf Solicitar certificado anal\u00edtico parcial actualizado. \u25cfPresentar Formulario B: \u201cNotificaci\u00f3n IS en el que la\/elestudiante se encuentra matriculada\/o\u201d- POR DUPLICADO CON FIRMAS ORIGINALES \u25cf una vez acreditada la materia, debe &#8230; <a title=\"Estudiante Itinerante\" class=\"read-more\" href=\"https:\/\/isfd106-bue.infd.edu.ar\/sitio\/alumno-itinerante\/\" aria-label=\"More on Estudiante Itinerante\">[+]<\/a><\/p>\n","protected":false},"author":589,"featured_media":0,"parent":0,"menu_order":0,"comment_status":"closed","ping_status":"closed","template":"","meta":[],"acf":[],"_links":{"self":[{"href":"https:\/\/isfd106-bue.infd.edu.ar\/sitio\/wp-json\/wp\/v2\/pages\/4053"}],"collection":[{"href":"https:\/\/isfd106-bue.infd.edu.ar\/sitio\/wp-json\/wp\/v2\/pages"}],"about":[{"href":"https:\/\/isfd106-bue.infd.edu.ar\/sitio\/wp-json\/wp\/v2\/types\/page"}],"author":[{"embeddable":true,"href":"https:\/\/isfd106-bue.infd.edu.ar\/sitio\/wp-json\/wp\/v2\/users\/589"}],"replies":[{"embeddable":true,"href":"https:\/\/isfd106-bue.infd.edu.ar\/sitio\/wp-json\/wp\/v2\/comments?post=4053"}],"version-history":[{"count":4,"href":"https:\/\/isfd106-bue.infd.edu.ar\/sitio\/wp-json\/wp\/v2\/pages\/4053\/revisions"}],"predecessor-version":[{"id":4085,"href":"https:\/\/isfd106-bue.infd.edu.ar\/sitio\/wp-json\/wp\/v2\/pages\/4053\/revisions\/4085"}],"wp:attachment":[{"href":"https:\/\/isfd106-bue.infd.edu.ar\/sitio\/wp-json\/wp\/v2\/media?parent=4053"}],"curies":[{"name":"wp","href":"https:\/\/api.w.org\/{rel}","templated":true}]}}