{"id":3872,"date":"2024-09-09T20:14:50","date_gmt":"2024-09-09T23:14:50","guid":{"rendered":"https:\/\/isfd106-bue.infd.edu.ar\/sitio\/?page_id=3872"},"modified":"2024-09-09T20:16:27","modified_gmt":"2024-09-09T23:16:27","slug":"programas-2024","status":"publish","type":"page","link":"https:\/\/isfd106-bue.infd.edu.ar\/sitio\/programas-2024\/","title":{"rendered":"PROGRAMAS 2024"},"content":{"rendered":"\n<p>A continuaci\u00f3n se presentan los programas 2024<\/p>\n\n\n\n<figure class=\"wp-block-table is-style-stripes\"><table><tbody><tr><td class=\"has-text-align-center\" data-align=\"center\"><strong>Carrera<\/strong><\/td><td class=\"has-text-align-center\" data-align=\"center\">A\u00f1o<\/td><td>Enlace a carpeta de programas <\/td><\/tr><tr><td class=\"has-text-align-center\" data-align=\"center\">Profesorado de Educaci\u00f3n Primaria <\/td><td class=\"has-text-align-center\" data-align=\"center\">1er A\u00d1O<\/td><td><a href=\"https:\/\/drive.google.com\/drive\/folders\/1glYwUdGT-Ci25UJoay3r1M0M7L8_wka9?usp=sharing\">INGRESE AQU\u00cd <\/a><\/td><\/tr><tr><td class=\"has-text-align-center\" data-align=\"center\">Profesorado de Educaci\u00f3n Primaria <\/td><td class=\"has-text-align-center\" data-align=\"center\">2do A\u00d1O<\/td><td><a href=\"https:\/\/drive.google.com\/drive\/folders\/1YQaXTxdUzuKmwx0nRGRKsbcnZP6deUan?usp=sharing\">INGRESE AQU\u00cd <\/a><\/td><\/tr><tr><td class=\"has-text-align-center\" data-align=\"center\">Profesorado de Educaci\u00f3n Primaria <\/td><td class=\"has-text-align-center\" data-align=\"center\">3er A\u00d1O<\/td><td><a href=\"https:\/\/drive.google.com\/drive\/folders\/1N6HULNvtw48Qo1W1_LwXcQhIUoMMzlac?usp=sharing\">INGRESE AQU\u00cd <\/a><\/td><\/tr><tr><td class=\"has-text-align-center\" data-align=\"center\">Profesorado de Educaci\u00f3n Primaria <\/td><td class=\"has-text-align-center\" data-align=\"center\">4to A\u00d1O <\/td><td><a href=\"https:\/\/drive.google.com\/drive\/folders\/1OhdQURa0i7cMEDopT7c17pxNtbKFLKsX?usp=sharing\">INGRESE AQU\u00cd <\/a><\/td><\/tr><tr><td class=\"has-text-align-center\" data-align=\"center\">Profesorado de Educaci\u00f3n Secundaria en Matem\u00e1tica<\/td><td class=\"has-text-align-center\" data-align=\"center\">1er A\u00d1O<\/td><td><a href=\"https:\/\/drive.google.com\/drive\/folders\/1SxDHw1SyccfTmQLqzjM0Xa9V76jE-6cN?usp=sharing\">INGRESE AQU\u00cd <\/a><\/td><\/tr><tr><td class=\"has-text-align-center\" data-align=\"center\">Profesorado de Educaci\u00f3n Secundaria en Matem\u00e1tica <\/td><td class=\"has-text-align-center\" data-align=\"center\">2do A\u00d1O<\/td><td><a href=\"https:\/\/drive.google.com\/drive\/folders\/1B2P-1ntxR47ArObI6IE4zBsMTSXooScS?usp=sharing\">INGRESE AQU\u00cd <\/a><\/td><\/tr><tr><td class=\"has-text-align-center\" data-align=\"center\">Profesorado de Educaci\u00f3n Secundaria en Matem\u00e1tica <\/td><td class=\"has-text-align-center\" data-align=\"center\">3er A\u00d1O<\/td><td><a href=\"https:\/\/drive.google.com\/drive\/folders\/1Xkd9oz9ZzBYV42R26pFGyQPBKAJPaNAm?usp=sharing\">INGRESE AQU\u00cd <\/a><\/td><\/tr><tr><td class=\"has-text-align-center\" data-align=\"center\">Profesorado de Educaci\u00f3n Secundaria en Matem\u00e1tica <\/td><td class=\"has-text-align-center\" data-align=\"center\">4to A\u00d1O <\/td><td><a href=\"https:\/\/drive.google.com\/drive\/folders\/12lBGAYk6zN5kAwmGU5GKP-WNfftElYax?usp=sharing\">INGRESE AQU\u00cd <\/a><\/td><\/tr><tr><td class=\"has-text-align-center\" data-align=\"center\">Profesorado de Educaci\u00f3n Secundaria en F\u00edsica ( plan nuevo) <\/td><td class=\"has-text-align-center\" data-align=\"center\">1er A\u00d1O<\/td><td><a href=\"https:\/\/drive.google.com\/drive\/folders\/1ZaCBbNdhFadlLuQdtxtVuFNg_vkHnf2S?usp=sharing\">INGRESE AQU\u00cd <\/a><\/td><\/tr><tr><td class=\"has-text-align-center\" data-align=\"center\">Profesorado de Educaci\u00f3n Secundaria en F\u00edsica ( plan nuevo) <\/td><td class=\"has-text-align-center\" data-align=\"center\">2do A\u00d1O<\/td><td><a href=\"https:\/\/drive.google.com\/drive\/folders\/1cbmVHd62rSVkAkyMLOgR7cwEYaiPZ--h?usp=sharing\">INGRESE AQU\u00cd <\/a><\/td><\/tr><tr><td class=\"has-text-align-center\" data-align=\"center\">Profesorado de Educaci\u00f3n Secundaria en F\u00edsica ( plan anterior) <\/td><td class=\"has-text-align-center\" data-align=\"center\">3er A\u00d1O<\/td><td><a href=\"https:\/\/drive.google.com\/drive\/folders\/16FW_BtZGzGLxF-g5MMi5YI5l1VfjB2fQ?usp=sharing\">INGRESE AQU\u00cd<\/a><\/td><\/tr><tr><td class=\"has-text-align-center\" data-align=\"center\">Profesorado de Educaci\u00f3n Secundaria en F\u00edsica (plan anterior) <\/td><td class=\"has-text-align-center\" data-align=\"center\">4to A\u00d1O<\/td><td><a href=\"https:\/\/drive.google.com\/drive\/folders\/1g6WuG3GPDox6To8jrjaESCODUTEFWhGU?usp=sharing\">INGRESE AQU\u00cd <\/a><\/td><\/tr><tr><td class=\"has-text-align-center\" data-align=\"center\">Profesorado de Educaci\u00f3n Secundaria en Qu\u00edmica  (plan nuevo) <\/td><td class=\"has-text-align-center\" data-align=\"center\">1er A\u00d1O<\/td><td><a href=\"https:\/\/drive.google.com\/drive\/folders\/1WFYGU67QRpFEyiHmB2LeUX9sJQ4BM8H5?usp=sharing\">INGRESE AQU\u00cd <\/a><\/td><\/tr><tr><td class=\"has-text-align-center\" data-align=\"center\">Profesorado de Educaci\u00f3n Secundaria en Qu\u00edmica  (plan nuevo)<\/td><td class=\"has-text-align-center\" data-align=\"center\">2do A\u00d1O<\/td><td><a href=\"https:\/\/drive.google.com\/drive\/folders\/19aigXTOsM7r2V-2kVdMlhqFbdBbrRAqb?usp=sharing\">INGRESE AQU\u00cd <\/a><\/td><\/tr><tr><td class=\"has-text-align-center\" data-align=\"center\">Profesorado de Educaci\u00f3n Secundaria en Qu\u00edmica  (plan anterior)<\/td><td class=\"has-text-align-center\" data-align=\"center\">3er A\u00d1O<\/td><td><a href=\"https:\/\/drive.google.com\/drive\/folders\/1racTD4AKMuFGNubUb8JYGv4xdq-2UxwM?usp=sharing\">INGRESE AQU\u00cd <\/a><\/td><\/tr><tr><td class=\"has-text-align-center\" data-align=\"center\">Profesorado de Educaci\u00f3n Secundaria en Qu\u00edmica  (plan anterior)<\/td><td class=\"has-text-align-center\" data-align=\"center\">4to A\u00d1O<\/td><td><a href=\"https:\/\/drive.google.com\/drive\/folders\/1H8dGuqE5a06wN3tOW7udPrbNtXSu5RY6?usp=sharing\">INGRESE AQU\u00cd<\/a><\/td><\/tr><tr><td class=\"has-text-align-center\" data-align=\"center\">Profesorado de Educaci\u00f3n Secundaria en Biolog\u00eda  (plan nuevo)<\/td><td class=\"has-text-align-center\" data-align=\"center\">1er A\u00d1O<\/td><td><a href=\"https:\/\/drive.google.com\/drive\/folders\/1kSOCSWRdOw8LlqBqmi9Fn08Pp1kqRhCb?usp=sharing\">INGRESE AQU\u00cd <\/a><\/td><\/tr><tr><td class=\"has-text-align-center\" data-align=\"center\">Profesorado de Educaci\u00f3n Secundaria en Biolog\u00eda  (plan nuevo)<\/td><td class=\"has-text-align-center\" data-align=\"center\">2do A\u00d1O<\/td><td><a href=\"https:\/\/drive.google.com\/drive\/folders\/1pEtzUnlEq-fAnjJSyDs_X_x8jUCQ0RX4?usp=sharing\">INGRESE AQU\u00cd <\/a><\/td><\/tr><tr><td class=\"has-text-align-center\" data-align=\"center\">Profesorado de Educaci\u00f3n Secundaria en Biolog\u00eda  (plan anterior)<\/td><td class=\"has-text-align-center\" data-align=\"center\">3er A\u00d1O<\/td><td><a href=\"https:\/\/drive.google.com\/drive\/folders\/1ijutjc_vJr4ar_sc27kevAwinzVRNWA_?usp=sharing\">INGRESE AQU\u00cd <\/a><\/td><\/tr><tr><td class=\"has-text-align-center\" data-align=\"center\">Profesorado de Educaci\u00f3n Secundaria en Biolog\u00eda  (plan anterior)<\/td><td class=\"has-text-align-center\" data-align=\"center\">4to A\u00d1O<\/td><td><a href=\"https:\/\/drive.google.com\/drive\/folders\/1TfuxMOmQ-2zVrKFdxq6xUMKrxKSdkAlO?usp=sharing\">INGRESE AQU\u00cd <\/a><\/td><\/tr><\/tbody><\/table><\/figure>\n","protected":false},"excerpt":{"rendered":"<p>A continuaci\u00f3n se presentan los programas 2024 Carrera A\u00f1o Enlace a carpeta de programas Profesorado de Educaci\u00f3n Primaria 1er A\u00d1O INGRESE AQU\u00cd Profesorado de Educaci\u00f3n Primaria 2do A\u00d1O INGRESE AQU\u00cd Profesorado de Educaci\u00f3n Primaria 3er A\u00d1O INGRESE AQU\u00cd Profesorado de Educaci\u00f3n Primaria 4to A\u00d1O INGRESE AQU\u00cd Profesorado de Educaci\u00f3n Secundaria en Matem\u00e1tica 1er A\u00d1O INGRESE &#8230; <a title=\"PROGRAMAS 2024\" class=\"read-more\" href=\"https:\/\/isfd106-bue.infd.edu.ar\/sitio\/programas-2024\/\" aria-label=\"More on PROGRAMAS 2024\">[+]<\/a><\/p>\n","protected":false},"author":588,"featured_media":0,"parent":0,"menu_order":0,"comment_status":"closed","ping_status":"closed","template":"","meta":[],"acf":[],"_links":{"self":[{"href":"https:\/\/isfd106-bue.infd.edu.ar\/sitio\/wp-json\/wp\/v2\/pages\/3872"}],"collection":[{"href":"https:\/\/isfd106-bue.infd.edu.ar\/sitio\/wp-json\/wp\/v2\/pages"}],"about":[{"href":"https:\/\/isfd106-bue.infd.edu.ar\/sitio\/wp-json\/wp\/v2\/types\/page"}],"author":[{"embeddable":true,"href":"https:\/\/isfd106-bue.infd.edu.ar\/sitio\/wp-json\/wp\/v2\/users\/588"}],"replies":[{"embeddable":true,"href":"https:\/\/isfd106-bue.infd.edu.ar\/sitio\/wp-json\/wp\/v2\/comments?post=3872"}],"version-history":[{"count":3,"href":"https:\/\/isfd106-bue.infd.edu.ar\/sitio\/wp-json\/wp\/v2\/pages\/3872\/revisions"}],"predecessor-version":[{"id":3880,"href":"https:\/\/isfd106-bue.infd.edu.ar\/sitio\/wp-json\/wp\/v2\/pages\/3872\/revisions\/3880"}],"wp:attachment":[{"href":"https:\/\/isfd106-bue.infd.edu.ar\/sitio\/wp-json\/wp\/v2\/media?parent=3872"}],"curies":[{"name":"wp","href":"https:\/\/api.w.org\/{rel}","templated":true}]}}