{"id":3461,"date":"2023-03-21T09:47:53","date_gmt":"2023-03-21T12:47:53","guid":{"rendered":"https:\/\/isfd106-bue.infd.edu.ar\/sitio\/?page_id=3461"},"modified":"2025-09-01T12:22:24","modified_gmt":"2025-09-01T15:22:24","slug":"ultima-materia","status":"publish","type":"page","link":"https:\/\/isfd106-bue.infd.edu.ar\/sitio\/ultima-materia\/","title":{"rendered":"\u00daLTIMA MATERIA"},"content":{"rendered":"\n<h2 class=\"wp-block-heading has-background\" style=\"background-color:#f2cdee\"><strong>Esta Secci\u00f3n es solo para estudiantes que  adeudan final de \u00faltima materia para recibirse.<\/strong><\/h2>\n\n\n\n<h2 class=\"wp-block-heading has-background\" style=\"background-color:#86ed66\"><em>La inscripci\u00f3n ser\u00e1 del 01 al 5 de septiembre de manera online.<\/em><\/h2>\n\n\n\n<h2 class=\"wp-block-heading has-background\" style=\"background-color:#f4f37e\"> Formulario:<a href=\"https:\/\/forms.gle\/UpsiUegA8EGyx4Dk9\"> Ingresar aqu\u00ed <\/a><\/h2>\n\n\n\n<p><\/p>\n","protected":false},"excerpt":{"rendered":"<p>Esta Secci\u00f3n es solo para estudiantes que adeudan final de \u00faltima materia para recibirse. La inscripci\u00f3n ser\u00e1 del 01 al 5 de septiembre de manera online. Formulario: Ingresar aqu\u00ed<\/p>\n","protected":false},"author":588,"featured_media":0,"parent":0,"menu_order":0,"comment_status":"closed","ping_status":"closed","template":"","meta":[],"acf":[],"_links":{"self":[{"href":"https:\/\/isfd106-bue.infd.edu.ar\/sitio\/wp-json\/wp\/v2\/pages\/3461"}],"collection":[{"href":"https:\/\/isfd106-bue.infd.edu.ar\/sitio\/wp-json\/wp\/v2\/pages"}],"about":[{"href":"https:\/\/isfd106-bue.infd.edu.ar\/sitio\/wp-json\/wp\/v2\/types\/page"}],"author":[{"embeddable":true,"href":"https:\/\/isfd106-bue.infd.edu.ar\/sitio\/wp-json\/wp\/v2\/users\/588"}],"replies":[{"embeddable":true,"href":"https:\/\/isfd106-bue.infd.edu.ar\/sitio\/wp-json\/wp\/v2\/comments?post=3461"}],"version-history":[{"count":3,"href":"https:\/\/isfd106-bue.infd.edu.ar\/sitio\/wp-json\/wp\/v2\/pages\/3461\/revisions"}],"predecessor-version":[{"id":3956,"href":"https:\/\/isfd106-bue.infd.edu.ar\/sitio\/wp-json\/wp\/v2\/pages\/3461\/revisions\/3956"}],"wp:attachment":[{"href":"https:\/\/isfd106-bue.infd.edu.ar\/sitio\/wp-json\/wp\/v2\/media?parent=3461"}],"curies":[{"name":"wp","href":"https:\/\/api.w.org\/{rel}","templated":true}]}}