{"id":2979,"date":"2022-08-09T11:05:14","date_gmt":"2022-08-09T14:05:14","guid":{"rendered":"https:\/\/isfd106-bue.infd.edu.ar\/sitio\/?page_id=2979"},"modified":"2023-12-05T20:43:42","modified_gmt":"2023-12-05T23:43:42","slug":"programas-de-biologia-2","status":"publish","type":"page","link":"https:\/\/isfd106-bue.infd.edu.ar\/sitio\/programas-de-biologia-2\/","title":{"rendered":"Programas de Biolog\u00eda"},"content":{"rendered":"\n<p class=\"has-text-align-center\"><strong><mark style=\"background-color:rgba(0, 0, 0, 0)\" class=\"has-inline-color has-vivid-purple-color\"><em>PLAN DE ESTUDIOS<\/em><\/mark><\/strong>: <strong><em><mark style=\"background-color:rgba(0, 0, 0, 0)\" class=\"has-inline-color has-vivid-purple-color\">PROFESOR\/A DE EDUCACI\u00d3N SECUNDARIA EN BIOLOG\u00cdA<\/mark><\/em><\/strong><\/p>\n\n\n\n<p class=\"has-text-align-center has-large-font-size\"><strong><mark style=\"background-color:rgba(0, 0, 0, 0)\" class=\"has-inline-color has-vivid-purple-color\"><em>PROGRAMAS 2023<\/em><\/mark><\/strong><\/p>\n\n\n\n<figure class=\"wp-block-table\"><table><tbody><tr><td><strong>Materia<\/strong><\/td><td class=\"has-text-align-center\" data-align=\"center\"><strong>Curso y divisi\u00f3n <\/strong><\/td><\/tr><tr><td><\/td><td class=\"has-text-align-center\" data-align=\"center\"><strong><mark style=\"background-color:rgba(0, 0, 0, 0)\" class=\"has-inline-color has-vivid-red-color\">1ro 1ra<\/mark><\/strong><\/td><\/tr><tr><td>Pedagog\u00eda (64)<\/td><td class=\"has-text-align-center\" data-align=\"center\"><strong><em>Ojeda Bogado Walter<\/em><\/strong><\/td><\/tr><tr><td>Educaci\u00f3n y transformaciones sociales contempor\u00e1neas (64)<\/td><td class=\"has-text-align-center\" data-align=\"center\"><em><strong><a href=\"https:\/\/drive.google.com\/file\/d\/12mFsAaokAeJPkDghnQ3jpOhOJrBCefNw\/view?usp=sharing\">Mello Florencia<\/a><\/strong><\/em><\/td><\/tr><tr><td>Educaci\u00f3n Sexual Integral (32)<\/td><td class=\"has-text-align-center\" data-align=\"center\"><strong><em><a href=\"https:\/\/drive.google.com\/file\/d\/1sVjX3OaSDf0Z4TRk3kLpAMQzwuyV9RSA\/view?usp=sharing\">Credidio Cecilia<\/a><\/em><\/strong><\/td><\/tr><tr><td>Cultura Digital y Educaci\u00f3n (32)<\/td><td class=\"has-text-align-center\" data-align=\"center\"><strong><em>Vega Elizabeth<\/em><\/strong><\/td><\/tr><tr><td>Introducci\u00f3n a la f\u00edsica y elementos de astronom\u00eda (96)<\/td><td class=\"has-text-align-center\" data-align=\"center\"><strong><em>Petersen Jorge<\/em><\/strong><\/td><\/tr><tr><td>Qu\u00edmica y la actividad experimental I (96)<\/td><td class=\"has-text-align-center\" data-align=\"center\"><strong><em><a href=\"https:\/\/drive.google.com\/file\/d\/18BvoKMdEyulDs1PPX20C7M19rcV9Zo_X\/view?usp=sharing\">Suavet Nicol\u00e1s<\/a><\/em><\/strong><\/td><\/tr><tr><td>Introducci\u00f3n a los sistemas biol\u00f3gicos (96)<\/td><td class=\"has-text-align-center\" data-align=\"center\"><em><strong>Zajur Lis<\/strong><\/em><\/td><\/tr><tr><td>Matem\u00e0tica y Ciencias Naturales (64)<\/td><td class=\"has-text-align-center\" data-align=\"center\"><em><strong><a href=\"https:\/\/drive.google.com\/file\/d\/1UKs6Jg515J5gYKql_cfLYJThaZwrhXHr\/view?usp=sharing\">Ursino Elsa<\/a><\/strong><\/em><\/td><\/tr><tr><td>Pr\u00e1ctica Docente I  &#8211; Taller (64)<\/td><td class=\"has-text-align-center\" data-align=\"center\"><strong><em>S\/D<\/em><\/strong><\/td><\/tr><tr><td>Pr\u00e1ctica Docente I  &#8211; Tarreno (64)<\/td><td class=\"has-text-align-center\" data-align=\"center\"><strong><em>S\/D<\/em><\/strong><\/td><\/tr><\/tbody><\/table><\/figure>\n\n\n\n<p class=\"has-text-align-center\"><strong><mark style=\"background-color:rgba(0, 0, 0, 0)\" class=\"has-inline-color has-vivid-purple-color\"><em>PLAN DE ESTUDIOS<\/em><\/mark><\/strong>: <strong><em><mark style=\"background-color:rgba(0, 0, 0, 0)\" class=\"has-inline-color has-vivid-purple-color\">PROFESOR\/A DE EDUCACI\u00d3N SECUNDARIA EN BIOLOG\u00cdA<\/mark><\/em><\/strong> &#8211; Plan Viejo<\/p>\n\n\n\n<p class=\"has-text-align-center\"><em><strong><code><mark style=\"background-color:rgba(0, 0, 0, 0)\" class=\"has-inline-color has-vivid-green-cyan-color\">2do a\u00f1o tronco com\u00fan (<a href=\"https:\/\/isfd106-bue.infd.edu.ar\/sitio\/wp-admin\/post.php?post=2973&amp;action=edit\">ver programas aqu\u00ed<\/a>)\u00a0<\/mark><\/code><\/strong><\/em><\/p>\n\n\n\n<figure class=\"wp-block-table\"><table><tbody><tr><td><strong>Materia<\/strong><\/td><td class=\"has-text-align-center\" data-align=\"center\"><strong>Curso y Divisi\u00f3n<\/strong><\/td><\/tr><tr><td><\/td><td class=\"has-text-align-center\" data-align=\"center\"><strong><span class=\"has-inline-color has-vivid-red-color\">3ro 1ra<\/span><\/strong><\/td><\/tr><tr><td>Perspectiva Filos\u00f3fico Pedag\u00f3gico Did\u00e1ctica (64)<strong><\/strong><\/td><td class=\"has-text-align-center\" data-align=\"center\"><strong><em>Burgos Sara<\/em><\/strong><\/td><\/tr><tr><td>Perspectiva Pol\u00edtico Institucional (64)<strong><\/strong><\/td><td class=\"has-text-align-center\" data-align=\"center\"><strong>Benitez Emilce <em>(Supl.<\/em> <em>Hern\u00e1ndez Mariela)<\/em><\/strong><\/td><\/tr><tr><td>Biolog\u00eda celular y molecular&nbsp; (64)<\/td><td class=\"has-text-align-center\" data-align=\"center\"><strong><em>Chazarreta Dar\u00edo<\/em><\/strong><\/td><\/tr><tr><td>Biolog\u00eda de los organismos celulares y plantas (96)<\/td><td class=\"has-text-align-center\" data-align=\"center\"><strong><em>Langone Susana<\/em><\/strong><\/td><\/tr><tr><td>Biolog\u00eda Humana (96)<\/td><td class=\"has-text-align-center\" data-align=\"center\"><strong><em>Castronuovo Susana<\/em><\/strong><\/td><\/tr><tr><td>Biolog\u00eda de los animales (64)<\/td><td class=\"has-text-align-center\" data-align=\"center\"><strong>Ban Adriana <em>(Supl. <\/em><\/strong><span><em style=\"font-weight: bold;\">Fern\u00e1ndez Agust\u00edn)<\/em><\/span><\/td><\/tr><tr><td>Ciencias Naturales y su ense\u00f1anza (32)<\/td><td class=\"has-text-align-center\" data-align=\"center\"><strong><em>Chazarreta Dar\u00edo<\/em><\/strong><\/td><\/tr><tr><td>F\u00edsica biol\u00f3gica y laboratorio (64)<\/td><td class=\"has-text-align-center\" data-align=\"center\"><strong><em>Petersen Jorge<\/em><\/strong><\/td><\/tr><tr><td>Qu\u00edmica biol\u00f3gica y laboratorio (64)<\/td><td class=\"has-text-align-center\" data-align=\"center\"><strong><em>Corval\u00e1n Walter<\/em><\/strong><\/td><\/tr><tr><td>Espacio de Definici\u00f3n Institucional (64)<\/td><td class=\"has-text-align-center\" data-align=\"center\"><strong><em>Medini J\u00e9sica<\/em><\/strong><\/td><\/tr><tr><td>Espacio de la Pr\u00e1ctica Docente III (128)<\/td><td class=\"has-text-align-center\" data-align=\"center\"><strong><em>Chazarreta Dar\u00edo<\/em><\/strong><\/td><\/tr><\/tbody><\/table><\/figure>\n\n\n\n<figure class=\"wp-block-table\"><table><tbody><tr><td><strong>Materia<\/strong><\/td><td class=\"has-text-align-center\" data-align=\"center\"><strong>Curso y Divisi\u00f3n<\/strong><\/td><\/tr><tr><td><\/td><td class=\"has-text-align-center\" data-align=\"center\"><strong><span class=\"has-inline-color has-vivid-red-color\">4to 1ra<\/span><\/strong><\/td><\/tr><tr><td>Biolog\u00eda del desarrollo animal (64)<strong><\/strong><\/td><td class=\"has-text-align-center\" data-align=\"center\"><strong><em>Castronuovo Susana<\/em><\/strong><\/td><\/tr><tr><td>Ecolog\u00eda (96)<strong><\/strong><\/td><td class=\"has-text-align-center\" data-align=\"center\"><strong><em>Carrizo Natalia<\/em><\/strong><\/td><\/tr><tr><td>Evoluci\u00f3n (128)<\/td><td class=\"has-text-align-center\" data-align=\"center\"><strong><em>Manassero Andrea<\/em><\/strong><\/td><\/tr><tr><td>Gen\u00e9tica molecular (96)<\/td><td class=\"has-text-align-center\" data-align=\"center\"><strong><em>Carrizo Natalia<\/em><\/strong><\/td><\/tr><tr><td>Anatom\u00eda comparada (64)<\/td><td class=\"has-text-align-center\" data-align=\"center\"><strong><em>Rusca Facundo<\/em><\/strong><\/td><\/tr><tr><td>Biolog\u00eda y su ense\u00f1anza (64)<\/td><td class=\"has-text-align-center\" data-align=\"center\"><strong><em>Manassero Andrea<\/em><\/strong><\/td><\/tr><tr><td>Antropolog\u00eda (32)<\/td><td class=\"has-text-align-center\" data-align=\"center\"><strong><em>Acosta Mariana<\/em><\/strong><\/td><\/tr><tr><td>Metodolog\u00eda de la investigaci\u00f3n (64)<\/td><td class=\"has-text-align-center\" data-align=\"center\"><strong><em>Rosalez Paola<\/em><\/strong><\/td><\/tr><tr><td>Espacio de Definici\u00f3n Institucional (64)<\/td><td class=\"has-text-align-center\" data-align=\"center\"><strong><em>Figliuolo Gabriela<\/em><\/strong><\/td><\/tr><tr><td>Espacio de la Pr\u00e1ctica Docente IV (128)<\/td><td class=\"has-text-align-center\" data-align=\"center\"><strong><em>Chazarreta Dar\u00edo<\/em><\/strong><\/td><\/tr><\/tbody><\/table><\/figure>\n\n\n\n<p>&#8212;&#8212;&#8212;&#8212;&#8212;&#8212;&#8212;&#8212;&#8212;&#8212;&#8212;&#8212;&#8212;&#8212;&#8212;&#8212;&#8212;&#8212;&#8212;&#8212;&#8212;&#8212;&#8212;&#8212;&#8212;&#8212;&#8212;&#8212;&#8212;&#8212;&#8212;&#8212;&#8212;&#8212;&#8212;&#8212;&#8212;&#8212;&#8212;&#8212;&#8212;&#8212;&#8212;&#8212;&#8212;&#8212;&#8212;&#8212;&#8212;&#8212;&#8212;&#8212;&#8212;&#8212;&#8212;&#8212;&#8212;&#8212;&#8212;&#8212;&#8212;&#8212;&#8212;&#8212;&#8212;&#8212;&#8212;&#8212;&#8212;&#8212;&#8212;&#8212;-<\/p>\n\n\n\n<p class=\"has-text-align-center has-large-font-size\"><strong><mark style=\"background-color:rgba(0, 0, 0, 0)\" class=\"has-inline-color has-vivid-purple-color\"><em> PROGRAMAS 2022<\/em><\/mark><\/strong><\/p>\n\n\n\n<p class=\"has-text-align-center\"><em><strong><code><span class=\"has-inline-color has-vivid-green-cyan-color\">1er y 2do a\u00f1o tronco com\u00fan (<a href=\"https:\/\/isfd106-bue.infd.edu.ar\/sitio\/programas-de-ciencias-naturales\/?preview_id=2973&amp;preview_nonce=47eeba31da&amp;preview=true\">ver programas aqu\u00ed<\/a>)&nbsp;<\/span><\/code><\/strong><\/em><\/p>\n\n\n\n<figure class=\"wp-block-table\"><table><tbody><tr><td><strong>Materia<\/strong><\/td><td class=\"has-text-align-center\" data-align=\"center\"><strong>Curso y Divisi\u00f3n<\/strong><\/td><\/tr><tr><td><\/td><td class=\"has-text-align-center\" data-align=\"center\"><strong><span class=\"has-inline-color has-vivid-red-color\">3ro 1ra<\/span><\/strong><\/td><\/tr><tr><td>Perspectiva Filos\u00f3fico Pedag\u00f3gico Did\u00e1ctica (64)<strong><\/strong><\/td><td class=\"has-text-align-center\" data-align=\"center\"><strong><em>Burgos Sara<\/em><\/strong><\/td><\/tr><tr><td>Perspectiva Pol\u00edtico Institucional (64)<strong><\/strong><\/td><td class=\"has-text-align-center\" data-align=\"center\"><strong><em>Ben\u00edtez Emilce<\/em><\/strong><\/td><\/tr><tr><td>Biolog\u00eda celular y molecular&nbsp; (64)<\/td><td class=\"has-text-align-center\" data-align=\"center\"><strong><em><a href=\"https:\/\/drive.google.com\/file\/d\/1DRmPYa7l1m2rPOPQvu41FJoc9Z0eTSli\/view?usp=share_link\">Chazarreta Dar\u00edo<\/a><\/em><\/strong><\/td><\/tr><tr><td>Biolog\u00eda de los organismos celulares y plantas (96)<\/td><td class=\"has-text-align-center\" data-align=\"center\"><strong><em>Langone Susana<\/em><\/strong><\/td><\/tr><tr><td>Biolog\u00eda Humana (96)<\/td><td class=\"has-text-align-center\" data-align=\"center\"><strong><em><a href=\"https:\/\/drive.google.com\/file\/d\/1kDxGFR-SutOgy4u0alIoTIuaiCjcQ-Bc\/view?usp=share_link\">Castronuovo Susana<\/a><\/em><\/strong><\/td><\/tr><tr><td>Biolog\u00eda de los animales (64)<\/td><td class=\"has-text-align-center\" data-align=\"center\"><strong><em><a href=\"https:\/\/drive.google.com\/file\/d\/12dhIdvdjeKu_sAC5yLoAEl4xrmaH-F9b\/view?usp=share_link\">Ban Adriana<\/a><\/em><\/strong><\/td><\/tr><tr><td>Ciencias Naturales y su ense\u00f1anza (32)<\/td><td class=\"has-text-align-center\" data-align=\"center\"><strong><em><a href=\"https:\/\/drive.google.com\/file\/d\/1YbOsm1vRAIPEI48MTbdddDX7w3kx8hjb\/view?usp=share_link\">Ruina Mar\u00eda<\/a><\/em><\/strong><\/td><\/tr><tr><td>F\u00edsica biol\u00f3gica y laboratorio (64)<\/td><td class=\"has-text-align-center\" data-align=\"center\"><strong><em><a href=\"https:\/\/drive.google.com\/file\/d\/1nLpU4rQ-NT8JP1kUo2HsnF9aNykR9Ej3\/view?usp=share_link\">Petersen Jorge<\/a><\/em><\/strong><\/td><\/tr><tr><td>Qu\u00edmica biol\u00f3gica y laboratorio (64)<\/td><td class=\"has-text-align-center\" data-align=\"center\"><strong><em>Corval\u00e1n Walter<\/em><\/strong><\/td><\/tr><tr><td>Espacio de Definici\u00f3n Institucional (64)<\/td><td class=\"has-text-align-center\" data-align=\"center\"><strong><em>Medini J\u00e9sica<\/em><\/strong><\/td><\/tr><tr><td>Espacio de la Pr\u00e1ctica Docente III (128)<\/td><td class=\"has-text-align-center\" data-align=\"center\"><strong><em><a href=\"https:\/\/drive.google.com\/file\/d\/1vVc3tto-mZl7KQHrB-p6Wm4FGmJVh7xZ\/view?usp=share_link\">Ban Adriana<\/a><\/em><\/strong><\/td><\/tr><\/tbody><\/table><\/figure>\n\n\n\n<figure class=\"wp-block-table\"><table><tbody><tr><td><strong>Materia<\/strong><\/td><td class=\"has-text-align-center\" data-align=\"center\"><strong>Curso y Divisi\u00f3n<\/strong><\/td><\/tr><tr><td><\/td><td class=\"has-text-align-center\" data-align=\"center\"><strong><span class=\"has-inline-color has-vivid-red-color\">4to 1ra<\/span><\/strong><\/td><\/tr><tr><td>Biolog\u00eda del desarrollo animal (64)<strong><\/strong><\/td><td class=\"has-text-align-center\" data-align=\"center\"><strong><em><a href=\"https:\/\/drive.google.com\/file\/d\/1OOYJ7IfsmFD92T-cP2Snvc4OllLFnJrN\/view?usp=share_link\">Castronuovo Susana<\/a><\/em><\/strong><\/td><\/tr><tr><td>Ecolog\u00eda (96)<strong><\/strong><\/td><td class=\"has-text-align-center\" data-align=\"center\"><strong><em>Carrizo Natalia<\/em><\/strong><\/td><\/tr><tr><td>Evoluci\u00f3n (128)<\/td><td class=\"has-text-align-center\" data-align=\"center\"><strong><em>Manassero Andrea<\/em><\/strong><\/td><\/tr><tr><td>Gen\u00e9tica molecular (96)<\/td><td class=\"has-text-align-center\" data-align=\"center\"><strong><em><a href=\"https:\/\/drive.google.com\/file\/d\/17dGGnPNViQ_iFYNEMY8NsanjvvCaBdiG\/view?usp=share_link\">Carrizo Natalia<\/a><\/em><\/strong><\/td><\/tr><tr><td>Anatom\u00eda comparada (64)<\/td><td class=\"has-text-align-center\" data-align=\"center\"><strong><em>Rusca Facundo<\/em><\/strong><\/td><\/tr><tr><td>Biolog\u00eda y su ense\u00f1anza (64)<\/td><td class=\"has-text-align-center\" data-align=\"center\"><strong><em><a href=\"https:\/\/drive.google.com\/file\/d\/1cBjEhcz3CjP2YsFCWB9qPH49M3YTkpjc\/view?usp=share_link\">Ruina Mar\u00eda<\/a><\/em><\/strong><\/td><\/tr><tr><td>Antropolog\u00eda (32)<\/td><td class=\"has-text-align-center\" data-align=\"center\"><strong><em>Acosta Mariana<\/em><\/strong><\/td><\/tr><tr><td>Metodolog\u00eda de la investigaci\u00f3n (64)<\/td><td class=\"has-text-align-center\" data-align=\"center\"><strong><em>Rosalez Paola<\/em><\/strong><\/td><\/tr><tr><td>Espacio de Definici\u00f3n Institucional (64)<\/td><td class=\"has-text-align-center\" data-align=\"center\"><strong><em><a href=\"https:\/\/drive.google.com\/file\/d\/1J6-RL333GD64i595qhAenHGB4UQ0bxm4\/view?usp=share_link\">Figliuolo Gabriela<\/a><\/em><\/strong><\/td><\/tr><tr><td>Espacio de la Pr\u00e1ctica Docente IV (128)<\/td><td class=\"has-text-align-center\" data-align=\"center\"><strong><em><a href=\"https:\/\/drive.google.com\/file\/d\/1rkkFKbka36X80YRO6jCAskU1Qz44B7MI\/view?usp=share_link\">Chazarreta Dar\u00edo<\/a><\/em><\/strong><\/td><\/tr><\/tbody><\/table><\/figure>\n","protected":false},"excerpt":{"rendered":"<p>PLAN DE ESTUDIOS: PROFESOR\/A DE EDUCACI\u00d3N SECUNDARIA EN BIOLOG\u00cdA PROGRAMAS 2023 Materia Curso y divisi\u00f3n 1ro 1ra Pedagog\u00eda (64) Ojeda Bogado Walter Educaci\u00f3n y transformaciones sociales contempor\u00e1neas (64) Mello Florencia Educaci\u00f3n Sexual Integral (32) Credidio Cecilia Cultura Digital y Educaci\u00f3n (32) Vega Elizabeth Introducci\u00f3n a la f\u00edsica y elementos de astronom\u00eda (96) Petersen Jorge Qu\u00edmica &#8230; <a title=\"Programas de Biolog\u00eda\" class=\"read-more\" href=\"https:\/\/isfd106-bue.infd.edu.ar\/sitio\/programas-de-biologia-2\/\" aria-label=\"More on Programas de Biolog\u00eda\">[+]<\/a><\/p>\n","protected":false},"author":588,"featured_media":0,"parent":0,"menu_order":0,"comment_status":"closed","ping_status":"closed","template":"","meta":[],"acf":[],"_links":{"self":[{"href":"https:\/\/isfd106-bue.infd.edu.ar\/sitio\/wp-json\/wp\/v2\/pages\/2979"}],"collection":[{"href":"https:\/\/isfd106-bue.infd.edu.ar\/sitio\/wp-json\/wp\/v2\/pages"}],"about":[{"href":"https:\/\/isfd106-bue.infd.edu.ar\/sitio\/wp-json\/wp\/v2\/types\/page"}],"author":[{"embeddable":true,"href":"https:\/\/isfd106-bue.infd.edu.ar\/sitio\/wp-json\/wp\/v2\/users\/588"}],"replies":[{"embeddable":true,"href":"https:\/\/isfd106-bue.infd.edu.ar\/sitio\/wp-json\/wp\/v2\/comments?post=2979"}],"version-history":[{"count":22,"href":"https:\/\/isfd106-bue.infd.edu.ar\/sitio\/wp-json\/wp\/v2\/pages\/2979\/revisions"}],"predecessor-version":[{"id":3780,"href":"https:\/\/isfd106-bue.infd.edu.ar\/sitio\/wp-json\/wp\/v2\/pages\/2979\/revisions\/3780"}],"wp:attachment":[{"href":"https:\/\/isfd106-bue.infd.edu.ar\/sitio\/wp-json\/wp\/v2\/media?parent=2979"}],"curies":[{"name":"wp","href":"https:\/\/api.w.org\/{rel}","templated":true}]}}