{"id":2973,"date":"2022-08-09T11:03:16","date_gmt":"2022-08-09T14:03:16","guid":{"rendered":"https:\/\/isfd106-bue.infd.edu.ar\/sitio\/?page_id=2973"},"modified":"2023-12-06T20:54:38","modified_gmt":"2023-12-06T23:54:38","slug":"programas-de-ciencias-naturales","status":"publish","type":"page","link":"https:\/\/isfd106-bue.infd.edu.ar\/sitio\/programas-de-ciencias-naturales\/","title":{"rendered":"Programas de Ciencias Naturales"},"content":{"rendered":"\n<p class=\"has-text-align-center\"><em><mark style=\"background-color:rgba(0, 0, 0, 0)\" class=\"has-inline-color has-vivid-green-cyan-color\"><strong>PLAN DE ESTUDIOS<\/strong>: <strong>PROFESOR\/A DE EDUCACI\u00d3N SECUNDARIA EN BIOLOG\u00cdA, F\u00cdSICA Y QUIMICA (TRONCO COM\u00daN)<\/strong><\/mark><\/em> &#8211; Plan Viejo<\/p>\n\n\n\n<p class=\"has-text-align-center has-large-font-size\"><strong><em><mark style=\"background-color:rgba(0, 0, 0, 0)\" class=\"has-inline-color has-vivid-green-cyan-color\">PROGRAMAS 2023<\/mark><\/em><\/strong><\/p>\n\n\n\n<p><\/p>\n\n\n\n<figure class=\"wp-block-table\"><table><tbody><tr><td><strong>Materia<\/strong><\/td><td class=\"has-text-align-center\" data-align=\"center\"><strong>2do 1ra<\/strong><\/td><td class=\"has-text-align-center\" data-align=\"center\"><strong>2do 2da<\/strong><\/td><\/tr><tr><td>Perspectiva Filos\u00f3fico Pedag\u00f3gica II (64)<strong><\/strong><\/td><td class=\"has-text-align-center\" data-align=\"center\"><a href=\"https:\/\/docs.google.com\/document\/d\/1GS9piqMUehbCaPmeaUQ1pIK39tErKaYP\/edit?usp=sharing&amp;ouid=103250059030289049492&amp;rtpof=true&amp;sd=true\">Gonz\u00e1lez Eduardo<\/a><\/td><td class=\"has-text-align-center\" data-align=\"center\">Ben\u00edtez Emilce (Supl. <a href=\"https:\/\/drive.google.com\/file\/d\/1Qc_CwGEcwQTnGWMbSpj_pSsbS7jhSZLW\/view?usp=sharing\">Serratore Grisel<\/a>)<\/td><\/tr><tr><td>Perspectiva Pedag\u00f3gico Did\u00e1ctica II (64)<strong><\/strong><\/td><td class=\"has-text-align-center\" data-align=\"center\"><a href=\"https:\/\/drive.google.com\/file\/d\/1nYn2YrdcZ46hPUPuwh7yNFrvyfDXMZ_w\/view?usp=sharing\">Chazarreta Dar\u00edo<\/a><\/td><td class=\"has-text-align-center\" data-align=\"center\"><a href=\"https:\/\/drive.google.com\/file\/d\/1D6BLNRkUUUAh-SeKXaHf1gJNMICwNEPX\/view?usp=sharing\">Chazarreta Dar\u00edo<\/a><\/td><\/tr><tr><td>Psicolog\u00eda y cultura del alumno de EGB3 y Polimodal (64)<\/td><td class=\"has-text-align-center\" data-align=\"center\">Valeriano Alicia (Supl. Medini)<\/td><td class=\"has-text-align-center\" data-align=\"center\">Valeriano Alicia (Supl. Torres Martha)<\/td><\/tr><tr><td>F\u00edsica y elementos de astronom\u00eda y laboratorio II (96)<\/td><td class=\"has-text-align-center\" data-align=\"center\">Sosa Mauro<\/td><td class=\"has-text-align-center\" data-align=\"center\">Sosa Mauro<\/td><\/tr><tr><td>Qu\u00edmica y laboratorio II (96)<\/td><td class=\"has-text-align-center\" data-align=\"center\">Pi Andrea<\/td><td class=\"has-text-align-center\" data-align=\"center\">Santonocito Juan (Supl. <a href=\"https:\/\/drive.google.com\/file\/d\/1UrnI04H9rpeP9JN37Uu8n8tkaba5wDka\/view?usp=sharing\">Sarab\u00eda Roc\u00edo<\/a>)&nbsp;<\/td><\/tr><tr><td>Biolog\u00eda y laboratorio II (96)<\/td><td class=\"has-text-align-center\" data-align=\"center\"><a href=\"https:\/\/drive.google.com\/file\/d\/1Fs5uBHxgTsqONd73pmUya3GUxAJPFme9\/view?usp=sharing\">Chazarreta Dar\u00edo<\/a><\/td><td class=\"has-text-align-center\" data-align=\"center\"><a href=\"https:\/\/drive.google.com\/file\/d\/18g2e6cVGOZGcXu7oRvKlZKQXI469iIfO\/view?usp=sharing\">Chazarreta Dar\u00edo<\/a><\/td><\/tr><tr><td>Ciencias de la Tierra (32)<\/td><td class=\"has-text-align-center\" data-align=\"center\"><a href=\"https:\/\/drive.google.com\/file\/d\/152bcOLEhRXq-ctT6tcsrJDwbYC3NmmUV\/view?usp=sharing\">Carrizo Natalia<\/a><\/td><td class=\"has-text-align-center\" data-align=\"center\">Carrizo Luis (Supl. Orosco Mariana)<\/td><\/tr><tr><td>Matem\u00e1tica Instrumental II e Inform\u00e1tica aplicada (64)<\/td><td class=\"has-text-align-center\" data-align=\"center\"><a href=\"https:\/\/drive.google.com\/file\/d\/1KGHSEtiYskRdnI9ZboekgTKJUO5AErGj\/view?usp=sharing\">Pereyra Mar\u00eda<\/a><\/td><td class=\"has-text-align-center\" data-align=\"center\"><a href=\"https:\/\/drive.google.com\/file\/d\/1njMW-Qz1ligRUDccLxxQxNnU5pxehd4r\/view?usp=sharing\">Pereyra Mar\u00eda<\/a><\/td><\/tr><tr><td>Integraci\u00f3n \u00c1real II (32)<\/td><td class=\"has-text-align-center\" data-align=\"center\"><a href=\"https:\/\/drive.google.com\/file\/d\/1eO1lC-PKIuLSy23LKhjIXBQ5VZj6yw3P\/view?usp=sharing\">Langone Susana<\/a><\/td><td class=\"has-text-align-center\" data-align=\"center\"><a href=\"https:\/\/drive.google.com\/file\/d\/1iBT7-u5XR55bC3eFioJTKXhA6cRM8sh-\/view?usp=sharing\">Bentivenga Marcelo<\/a><\/td><\/tr><tr><td>Espacio de la Pr\u00e1ctica Docente (160)<\/td><td class=\"has-text-align-center\" data-align=\"center\">G1. A\/D\/Gava <br>G2. Rivera\/Corval\u00e1n<\/td><td class=\"has-text-align-center\" data-align=\"center\">G3. Rivera\/Gava <br>G4. A\/D\/Gava<\/td><\/tr><\/tbody><\/table><\/figure>\n\n\n\n<p>&#8212;&#8212;&#8212;&#8212;&#8212;&#8212;&#8212;&#8212;&#8212;&#8212;&#8212;&#8212;&#8212;&#8212;&#8212;&#8212;&#8212;&#8212;&#8212;&#8212;&#8212;&#8212;&#8212;&#8212;&#8212;&#8212;&#8212;&#8212;&#8212;&#8212;&#8212;&#8212;&#8212;&#8212;&#8212;&#8212;&#8212;&#8212;&#8212;&#8212;&#8212;&#8212;&#8212;&#8212;&#8212;&#8212;&#8212;&#8212;&#8212;&#8212;&#8212;&#8212;&#8212;&#8212;&#8212;&#8212;&#8212;&#8212;&#8212;&#8212;&#8212;&#8212;&#8212;&#8212;&#8212;&#8212;&#8212;&#8212;&#8212;&#8212;&#8212;&#8212;-<\/p>\n\n\n\n<p class=\"has-text-align-center has-large-font-size\"><strong><em><mark style=\"background-color:rgba(0, 0, 0, 0)\" class=\"has-inline-color has-vivid-green-cyan-color\">PROGRAMAS 2022<\/mark><\/em><\/strong><\/p>\n\n\n\n<figure class=\"wp-block-table\"><table><tbody><tr><td><strong>Materia<\/strong><\/td><td class=\"has-text-align-center\" data-align=\"center\"><strong>1ro 1ra<\/strong><\/td><td class=\"has-text-align-center\" data-align=\"center\"><strong>1ro 2da<\/strong><\/td><\/tr><tr><td>Perspectiva Filos\u00f3fico Pedag\u00f3gica I (64)<strong><\/strong><\/td><td class=\"has-text-align-center\" data-align=\"center\">Bianco Dami\u00e1n<\/td><td class=\"has-text-align-center\" data-align=\"center\">Bianco Dami\u00e1n<\/td><\/tr><tr><td>Perspectiva Pedag\u00f3gico Did\u00e1ctica I (64)<strong><\/strong><\/td><td class=\"has-text-align-center\" data-align=\"center\">Monteros M\u00f3nica<\/td><td class=\"has-text-align-center\" data-align=\"center\">Aiassa M\u00f3nica (Supl. <a href=\"https:\/\/drive.google.com\/file\/d\/1YIMWuTr18nz51mZ-ePCMQ6AktX68D1Lm\/view?usp=share_link\">Santander Margarita<\/a>)<\/td><\/tr><tr><td>Perspectiva Socio &#8211; Pol\u00edtica (64)<\/td><td class=\"has-text-align-center\" data-align=\"center\"><a href=\"https:\/\/drive.google.com\/file\/d\/1XM4Fei7Uqq0RERzsYEuy0VwUi5tpJBMG\/view?usp=share_link\">Biscak Carlos<\/a><\/td><td class=\"has-text-align-center\" data-align=\"center\">Valeriano Alicia (Supl. Calder\u00f3n Mar\u00eda)<\/td><\/tr><tr><td>Psicolog\u00eda y cultura en la educaci\u00f3n (64)<\/td><td class=\"has-text-align-center\" data-align=\"center\">Torres Martha<\/td><td class=\"has-text-align-center\" data-align=\"center\">Torres Martha<\/td><\/tr><tr><td>F\u00edsica y elementos de astronom\u00eda y laboratorio I (96)<\/td><td class=\"has-text-align-center\" data-align=\"center\"><a href=\"https:\/\/drive.google.com\/file\/d\/1bYgWuhtKp7-QpxteFoQ5nCgrVKmDqvZC\/view?usp=share_link\">S\u00e1nchez H\u00e9ctor<\/a><\/td><td class=\"has-text-align-center\" data-align=\"center\">Sosa Mauro<\/td><\/tr><tr><td>Qu\u00edmica y laboratorio I (96)<\/td><td class=\"has-text-align-center\" data-align=\"center\">Pi Andrea<\/td><td class=\"has-text-align-center\" data-align=\"center\">Santonocito Juan (Supl. <a href=\"https:\/\/drive.google.com\/file\/d\/1adc-Tq9EhIAMOwmPLiD8bRH9jpOiW61E\/view?usp=share_link\">Suavet Nicol\u00e1s<\/a>)<\/td><\/tr><tr><td>Biolog\u00eda y laboratorio I (96)<\/td><td class=\"has-text-align-center\" data-align=\"center\"><a href=\"https:\/\/drive.google.com\/file\/d\/1z1ho9DdQ4C-ULZHtv7934qdwLcz7_Hgj\/view?usp=share_link\">Chazarreta Dar\u00edo<\/a><\/td><td class=\"has-text-align-center\" data-align=\"center\"><a href=\"https:\/\/drive.google.com\/file\/d\/1xR6H3KF12BX9nIhXwz6Qp54rKVtX6-Jp\/view?usp=share_link\">Chazarreta Dar\u00edo<\/a><\/td><\/tr><tr><td>Matem\u00e1tica Instrumental I (64)<\/td><td class=\"has-text-align-center\" data-align=\"center\">Ursino Elsa<\/td><td class=\"has-text-align-center\" data-align=\"center\">Ursino Elsa (Sipl. Pileci Federico)<\/td><\/tr><tr><td>Integraci\u00f3n \u00c1real I (32)<\/td><td class=\"has-text-align-center\" data-align=\"center\"><a href=\"https:\/\/drive.google.com\/file\/d\/11TJvUMISYwi1_FRSXtjXM14SizMo2r_k\/view?usp=share_link\">S\u00e1nchez H\u00e9ctor<\/a><\/td><td class=\"has-text-align-center\" data-align=\"center\"><a href=\"https:\/\/drive.google.com\/file\/d\/1PrVVgpqvOWRVFJii-XLzM1LIX3lUP7hs\/view?usp=share_link\">Chazarreta Dar\u00edo<\/a><\/td><\/tr><tr><td>Espacio de la Pr\u00e1ctica Docente (160)<\/td><td class=\"has-text-align-center\" data-align=\"center\">G4. Burgos\/Sarabia G5. Moral\/Sarabia G6. Cruz\/Sarabia<\/td><td class=\"has-text-align-center\" data-align=\"center\">G1. Moral\/Gava G2.&nbsp; Cruz\/Sarabia G3. Cordoba (Supl. Pereiro Mi\u00f1an)\/Gava<\/td><\/tr><\/tbody><\/table><\/figure>\n\n\n\n<p><\/p>\n\n\n\n<figure class=\"wp-block-table\"><table><tbody><tr><td><strong>Materia<\/strong><\/td><td class=\"has-text-align-center\" data-align=\"center\"><strong>2do 1ra<\/strong><\/td><td class=\"has-text-align-center\" data-align=\"center\"><strong>2do 2da<\/strong><\/td><\/tr><tr><td>Perspectiva Filos\u00f3fico Pedag\u00f3gica II (64)<strong><\/strong><\/td><td class=\"has-text-align-center\" data-align=\"center\">Gonz\u00e1lez Eduardo<\/td><td class=\"has-text-align-center\" data-align=\"center\">Ben\u00edtez Emilce<\/td><\/tr><tr><td>Perspectiva Pedag\u00f3gico Did\u00e1ctica II (64)<strong><\/strong><\/td><td class=\"has-text-align-center\" data-align=\"center\"><a href=\"https:\/\/drive.google.com\/file\/d\/1Dv8dFR_Is6XyvWnCpdTL7JjwkW4ceufX\/view?usp=share_link\">Chazarreta Dar\u00edo<\/a><\/td><td class=\"has-text-align-center\" data-align=\"center\"><a href=\"https:\/\/drive.google.com\/file\/d\/14XWdRG1SZOFkguKMeNj3Ff1kdJD3T5yF\/view?usp=share_link\">Chazarreta Dar\u00edo<\/a><\/td><\/tr><tr><td>Psicolog\u00eda y cultura del alumno de EGB3 y Polimodal (64)<\/td><td class=\"has-text-align-center\" data-align=\"center\">Valeriano Alicia (Supl. Medini)<\/td><td class=\"has-text-align-center\" data-align=\"center\">Valeriano Alicia (Supl. Torres Martha)<\/td><\/tr><tr><td>F\u00edsica y elementos de astronom\u00eda y laboratorio II (96)<\/td><td class=\"has-text-align-center\" data-align=\"center\">Sosa Mauro<\/td><td class=\"has-text-align-center\" data-align=\"center\">Sosa Mauro<\/td><\/tr><tr><td>Qu\u00edmica y laboratorio II (96)<\/td><td class=\"has-text-align-center\" data-align=\"center\">Pi Andrea<\/td><td class=\"has-text-align-center\" data-align=\"center\">Santonocito Juan (Supl. Sarab\u00eda Roc\u00edo)&nbsp;<\/td><\/tr><tr><td>Biolog\u00eda y laboratorio II (96)<\/td><td class=\"has-text-align-center\" data-align=\"center\"><a href=\"https:\/\/drive.google.com\/file\/d\/1sxbI0zXN5Z5wwgjU_O8RudPEzxEatwJs\/view?usp=share_link\">Chazarreta Dar\u00edo<\/a><\/td><td class=\"has-text-align-center\" data-align=\"center\"><a href=\"https:\/\/drive.google.com\/file\/d\/1d_58CU2e0ls2_7YKdV7T4uJwf-h-Dqor\/view?usp=share_link\">Chazarreta Dar\u00edo<\/a><\/td><\/tr><tr><td>Ciencias de la Tierra (32)<\/td><td class=\"has-text-align-center\" data-align=\"center\"><a href=\"https:\/\/drive.google.com\/file\/d\/1XQb6CUdmFfKZvZfEOsQRvk2jzXYJt8ZC\/view?usp=share_link\">Carrizo Natalia<\/a><\/td><td class=\"has-text-align-center\" data-align=\"center\">Carrizo Luis<\/td><\/tr><tr><td>Matem\u00e1tica Instrumental II e Inform\u00e1tica aplicada (64)<\/td><td class=\"has-text-align-center\" data-align=\"center\"><a href=\"https:\/\/drive.google.com\/file\/d\/1WRY-a7EnwjrcvnodGxrl8GIO0zyEBmx4\/view?usp=share_link\">Pereyra Mar\u00eda<\/a><\/td><td class=\"has-text-align-center\" data-align=\"center\"><a href=\"https:\/\/drive.google.com\/file\/d\/1WRY-a7EnwjrcvnodGxrl8GIO0zyEBmx4\/view?usp=share_link\">Pereyra Mar\u00eda<\/a><\/td><\/tr><tr><td>Integraci\u00f3n \u00c1real II (32)<\/td><td class=\"has-text-align-center\" data-align=\"center\">Langone Susana<\/td><td class=\"has-text-align-center\" data-align=\"center\">Bentivenga Marcelo<\/td><\/tr><tr><td>Espacio de la Pr\u00e1ctica Docente (160)<\/td><td class=\"has-text-align-center\" data-align=\"center\">G1. <a href=\"https:\/\/drive.google.com\/file\/d\/1JSljC6J8aEK7tnzCKfq0wcsNi80Zg8aS\/view?usp=share_link\">A\/D\/Gava<\/a> <br>G2. <a href=\"https:\/\/drive.google.com\/file\/d\/1JSljC6J8aEK7tnzCKfq0wcsNi80Zg8aS\/view?usp=share_link\">Rivera\/Corval\u00e1n<\/a><\/td><td class=\"has-text-align-center\" data-align=\"center\">G3. <a href=\"https:\/\/drive.google.com\/file\/d\/1JSljC6J8aEK7tnzCKfq0wcsNi80Zg8aS\/view?usp=share_link\">Rivera\/Gava <\/a><br>G4. <a href=\"https:\/\/drive.google.com\/file\/d\/1JSljC6J8aEK7tnzCKfq0wcsNi80Zg8aS\/view?usp=share_link\">A\/D\/Gava<\/a><\/td><\/tr><\/tbody><\/table><\/figure>\n\n\n\n<p><\/p>\n\n\n\n<p><\/p>\n","protected":false},"excerpt":{"rendered":"<p>PLAN DE ESTUDIOS: PROFESOR\/A DE EDUCACI\u00d3N SECUNDARIA EN BIOLOG\u00cdA, F\u00cdSICA Y QUIMICA (TRONCO COM\u00daN) &#8211; Plan Viejo PROGRAMAS 2023 Materia 2do 1ra 2do 2da Perspectiva Filos\u00f3fico Pedag\u00f3gica II (64) Gonz\u00e1lez Eduardo Ben\u00edtez Emilce (Supl. Serratore Grisel) Perspectiva Pedag\u00f3gico Did\u00e1ctica II (64) Chazarreta Dar\u00edo Chazarreta Dar\u00edo Psicolog\u00eda y cultura del alumno de EGB3 y Polimodal (64) &#8230; <a title=\"Programas de Ciencias Naturales\" class=\"read-more\" href=\"https:\/\/isfd106-bue.infd.edu.ar\/sitio\/programas-de-ciencias-naturales\/\" aria-label=\"More on Programas de Ciencias Naturales\">[+]<\/a><\/p>\n","protected":false},"author":588,"featured_media":0,"parent":0,"menu_order":0,"comment_status":"closed","ping_status":"closed","template":"","meta":[],"acf":[],"_links":{"self":[{"href":"https:\/\/isfd106-bue.infd.edu.ar\/sitio\/wp-json\/wp\/v2\/pages\/2973"}],"collection":[{"href":"https:\/\/isfd106-bue.infd.edu.ar\/sitio\/wp-json\/wp\/v2\/pages"}],"about":[{"href":"https:\/\/isfd106-bue.infd.edu.ar\/sitio\/wp-json\/wp\/v2\/types\/page"}],"author":[{"embeddable":true,"href":"https:\/\/isfd106-bue.infd.edu.ar\/sitio\/wp-json\/wp\/v2\/users\/588"}],"replies":[{"embeddable":true,"href":"https:\/\/isfd106-bue.infd.edu.ar\/sitio\/wp-json\/wp\/v2\/comments?post=2973"}],"version-history":[{"count":14,"href":"https:\/\/isfd106-bue.infd.edu.ar\/sitio\/wp-json\/wp\/v2\/pages\/2973\/revisions"}],"predecessor-version":[{"id":3793,"href":"https:\/\/isfd106-bue.infd.edu.ar\/sitio\/wp-json\/wp\/v2\/pages\/2973\/revisions\/3793"}],"wp:attachment":[{"href":"https:\/\/isfd106-bue.infd.edu.ar\/sitio\/wp-json\/wp\/v2\/media?parent=2973"}],"curies":[{"name":"wp","href":"https:\/\/api.w.org\/{rel}","templated":true}]}}