{"id":2933,"date":"2022-07-15T21:42:56","date_gmt":"2022-07-16T00:42:56","guid":{"rendered":"https:\/\/isfd106-bue.infd.edu.ar\/sitio\/?page_id=2933"},"modified":"2022-07-15T21:50:47","modified_gmt":"2022-07-16T00:50:47","slug":"prevencion-de-la-salud-de-las-estudiantes-gestantes","status":"publish","type":"page","link":"https:\/\/isfd106-bue.infd.edu.ar\/sitio\/prevencion-de-la-salud-de-las-estudiantes-gestantes\/","title":{"rendered":"Prevenci\u00f3n de la salud de  estudiantes gestantes"},"content":{"rendered":"\n<p>En acuerdo con el Consejo Acad\u00e9mico Institucional y teniendo como prop\u00f3sito la implementaci\u00f3n de pol\u00edticas de cuidado para  estudiantes gestantes se procede a la redacci\u00f3n del presente documento que contempla la situaci\u00f3n de la trayectoria estudiantil de la persona gestante.<\/p>\n\n\n\n<p>Para acceder al documento <a href=\"https:\/\/drive.google.com\/file\/d\/1xg3Y78WKQb6qj7fg1d5-DCbp2MfuEuuy\/view?usp=sharing\">INGRESE AQU\u00cd <\/a><\/p>\n","protected":false},"excerpt":{"rendered":"<p>En acuerdo con el Consejo Acad\u00e9mico Institucional y teniendo como prop\u00f3sito la implementaci\u00f3n de pol\u00edticas de cuidado para estudiantes gestantes se procede a la redacci\u00f3n del presente documento que contempla la situaci\u00f3n de la trayectoria estudiantil de la persona gestante. Para acceder al documento INGRESE AQU\u00cd<\/p>\n","protected":false},"author":588,"featured_media":0,"parent":0,"menu_order":0,"comment_status":"closed","ping_status":"closed","template":"","meta":[],"acf":[],"_links":{"self":[{"href":"https:\/\/isfd106-bue.infd.edu.ar\/sitio\/wp-json\/wp\/v2\/pages\/2933"}],"collection":[{"href":"https:\/\/isfd106-bue.infd.edu.ar\/sitio\/wp-json\/wp\/v2\/pages"}],"about":[{"href":"https:\/\/isfd106-bue.infd.edu.ar\/sitio\/wp-json\/wp\/v2\/types\/page"}],"author":[{"embeddable":true,"href":"https:\/\/isfd106-bue.infd.edu.ar\/sitio\/wp-json\/wp\/v2\/users\/588"}],"replies":[{"embeddable":true,"href":"https:\/\/isfd106-bue.infd.edu.ar\/sitio\/wp-json\/wp\/v2\/comments?post=2933"}],"version-history":[{"count":3,"href":"https:\/\/isfd106-bue.infd.edu.ar\/sitio\/wp-json\/wp\/v2\/pages\/2933\/revisions"}],"predecessor-version":[{"id":2938,"href":"https:\/\/isfd106-bue.infd.edu.ar\/sitio\/wp-json\/wp\/v2\/pages\/2933\/revisions\/2938"}],"wp:attachment":[{"href":"https:\/\/isfd106-bue.infd.edu.ar\/sitio\/wp-json\/wp\/v2\/media?parent=2933"}],"curies":[{"name":"wp","href":"https:\/\/api.w.org\/{rel}","templated":true}]}}