{"id":2916,"date":"2022-07-04T08:35:38","date_gmt":"2022-07-04T11:35:38","guid":{"rendered":"https:\/\/isfd106-bue.infd.edu.ar\/sitio\/?page_id=2916"},"modified":"2022-07-04T10:00:15","modified_gmt":"2022-07-04T13:00:15","slug":"periodo-2022-2023","status":"publish","type":"page","link":"https:\/\/isfd106-bue.infd.edu.ar\/sitio\/periodo-2022-2023\/","title":{"rendered":"Reuniones- Per\u00edodo 2022-2023"},"content":{"rendered":"\n<h2 class=\"wp-block-heading\">Elecciones 2022 <\/h2>\n\n\n\n<p>En el marco de la Resoluci\u00f3n 4044\/09 se ha llevado adelante en nuestra instituci\u00f3n las elecciones del CAI desde el 13 de junio al 1 de julio de 2022.Dicha elecci\u00f3n arroj\u00f3 como resultado la legitimaci\u00f3n de la listas presentadas de los claustros docente, no docente y estudiantil.<\/p>\n\n\n\n<figure class=\"wp-block-image size-large\"><img decoding=\"async\" loading=\"lazy\" width=\"960\" height=\"540\" src=\"https:\/\/isfd106-bue.infd.edu.ar\/sitio\/wp-content\/uploads\/2022\/07\/Resultados-CAI-1.jpg\" alt=\"\" class=\"wp-image-2922\" srcset=\"https:\/\/isfd106-bue.infd.edu.ar\/sitio\/wp-content\/uploads\/2022\/07\/Resultados-CAI-1.jpg 960w, https:\/\/isfd106-bue.infd.edu.ar\/sitio\/wp-content\/uploads\/2022\/07\/Resultados-CAI-1-768x432.jpg 768w\" sizes=\"(max-width: 960px) 100vw, 960px\" \/><\/figure>\n\n\n\n<h2 class=\"wp-block-heading\">LISTAS <\/h2>\n\n\n\n<figure class=\"wp-block-image size-large\"><img decoding=\"async\" loading=\"lazy\" width=\"960\" height=\"540\" src=\"https:\/\/isfd106-bue.infd.edu.ar\/sitio\/wp-content\/uploads\/2022\/07\/Lista-estudiantes.jpg\" alt=\"\" class=\"wp-image-2924\" srcset=\"https:\/\/isfd106-bue.infd.edu.ar\/sitio\/wp-content\/uploads\/2022\/07\/Lista-estudiantes.jpg 960w, https:\/\/isfd106-bue.infd.edu.ar\/sitio\/wp-content\/uploads\/2022\/07\/Lista-estudiantes-768x432.jpg 768w\" sizes=\"(max-width: 960px) 100vw, 960px\" \/><\/figure>\n\n\n\n<figure class=\"wp-block-image size-large\"><img decoding=\"async\" loading=\"lazy\" width=\"960\" height=\"540\" src=\"https:\/\/isfd106-bue.infd.edu.ar\/sitio\/wp-content\/uploads\/2022\/07\/LIsata-docente.jpg\" alt=\"\" class=\"wp-image-2923\" srcset=\"https:\/\/isfd106-bue.infd.edu.ar\/sitio\/wp-content\/uploads\/2022\/07\/LIsata-docente.jpg 960w, https:\/\/isfd106-bue.infd.edu.ar\/sitio\/wp-content\/uploads\/2022\/07\/LIsata-docente-768x432.jpg 768w\" sizes=\"(max-width: 960px) 100vw, 960px\" \/><\/figure>\n","protected":false},"excerpt":{"rendered":"<p>Elecciones 2022 En el marco de la Resoluci\u00f3n 4044\/09 se ha llevado adelante en nuestra instituci\u00f3n las elecciones del CAI desde el 13 de junio al 1 de julio de 2022.Dicha elecci\u00f3n arroj\u00f3 como resultado la legitimaci\u00f3n de la listas presentadas de los claustros docente, no docente y estudiantil. LISTAS<\/p>\n","protected":false},"author":588,"featured_media":0,"parent":0,"menu_order":0,"comment_status":"closed","ping_status":"closed","template":"","meta":[],"acf":[],"_links":{"self":[{"href":"https:\/\/isfd106-bue.infd.edu.ar\/sitio\/wp-json\/wp\/v2\/pages\/2916"}],"collection":[{"href":"https:\/\/isfd106-bue.infd.edu.ar\/sitio\/wp-json\/wp\/v2\/pages"}],"about":[{"href":"https:\/\/isfd106-bue.infd.edu.ar\/sitio\/wp-json\/wp\/v2\/types\/page"}],"author":[{"embeddable":true,"href":"https:\/\/isfd106-bue.infd.edu.ar\/sitio\/wp-json\/wp\/v2\/users\/588"}],"replies":[{"embeddable":true,"href":"https:\/\/isfd106-bue.infd.edu.ar\/sitio\/wp-json\/wp\/v2\/comments?post=2916"}],"version-history":[{"count":2,"href":"https:\/\/isfd106-bue.infd.edu.ar\/sitio\/wp-json\/wp\/v2\/pages\/2916\/revisions"}],"predecessor-version":[{"id":2925,"href":"https:\/\/isfd106-bue.infd.edu.ar\/sitio\/wp-json\/wp\/v2\/pages\/2916\/revisions\/2925"}],"wp:attachment":[{"href":"https:\/\/isfd106-bue.infd.edu.ar\/sitio\/wp-json\/wp\/v2\/media?parent=2916"}],"curies":[{"name":"wp","href":"https:\/\/api.w.org\/{rel}","templated":true}]}}