{"id":286,"date":"2016-10-31T13:17:59","date_gmt":"2016-10-31T16:17:59","guid":{"rendered":"https:\/\/isfd106-bue.infd.edu.ar\/sitio\/?page_id=286"},"modified":"2022-08-09T11:11:00","modified_gmt":"2022-08-09T14:11:00","slug":"inicio","status":"publish","type":"page","link":"https:\/\/isfd106-bue.infd.edu.ar\/sitio\/","title":{"rendered":"Inicio"},"content":{"rendered":"<h1 style=\"text-align: left;\"><strong><span style=\"color: #cb7b7b;\">Nuestras carreras\u00a0 \u00a0 \u00a0 \u00a0<\/span><\/strong><\/h1>\n<h3 style=\"text-align: center;\"><div  class=\"lgc-column lgc-grid-parent lgc-grid-20 lgc-tablet-grid-20 lgc-mobile-grid-20 lgc-equal-heights \"><div  class=\"inside-grid-column\"> <a href=\"https:\/\/isfd106-bue.infd.edu.ar\/sitio\/profesorado-educacion-primaria\/\"><img decoding=\"async\" loading=\"lazy\" class=\"alignnone size-full wp-image-2823\" src=\"https:\/\/isfd106-bue.infd.edu.ar\/sitio\/wp-content\/uploads\/2022\/06\/PEP-2.jpg\" alt=\"\" width=\"250\" height=\"212\" \/><\/a><\/div><\/div> <div  class=\"lgc-column lgc-grid-parent lgc-grid-20 lgc-tablet-grid-20 lgc-mobile-grid-20 lgc-equal-heights \"><div  class=\"inside-grid-column\"> <a href=\"https:\/\/isfd106-bue.infd.edu.ar\/sitio\/profesorado-en-matematica\/\"><img decoding=\"async\" loading=\"lazy\" class=\"alignnone size-full wp-image-2824\" src=\"https:\/\/isfd106-bue.infd.edu.ar\/sitio\/wp-content\/uploads\/2022\/06\/MATE-2.jpg\" alt=\"\" width=\"252\" height=\"215\" \/><\/a> <\/div><\/div><div  class=\"lgc-column lgc-grid-parent lgc-grid-20 lgc-tablet-grid-20 lgc-mobile-grid-20 lgc-equal-heights \"><div  class=\"inside-grid-column\"> <a href=\"https:\/\/isfd106-bue.infd.edu.ar\/sitio\/profesorado-en-biologia\/\"><img decoding=\"async\" loading=\"lazy\" class=\"alignnone size-full wp-image-2825\" src=\"https:\/\/isfd106-bue.infd.edu.ar\/sitio\/wp-content\/uploads\/2022\/06\/BIO-2.jpg\" alt=\"\" width=\"251\" height=\"214\" \/><\/a> <\/div><\/div> <div  class=\"lgc-column lgc-grid-parent lgc-grid-20 lgc-tablet-grid-20 lgc-mobile-grid-20 lgc-equal-heights \"><div  class=\"inside-grid-column\"> <a href=\"https:\/\/isfd106-bue.infd.edu.ar\/sitio\/profesorado-en-fisica\/\"><img decoding=\"async\" loading=\"lazy\" class=\"alignnone size-full wp-image-2826\" src=\"https:\/\/isfd106-bue.infd.edu.ar\/sitio\/wp-content\/uploads\/2022\/06\/FISICA-2.jpg\" alt=\"\" width=\"251\" height=\"214\" \/><\/a> <\/div><\/div> <div  class=\"lgc-column lgc-grid-parent lgc-grid-20 lgc-tablet-grid-20 lgc-mobile-grid-20 lgc-equal-heights \"><div  class=\"inside-grid-column\"> <a href=\"https:\/\/isfd106-bue.infd.edu.ar\/sitio\/profesorado-en-quimica\/\"><img decoding=\"async\" loading=\"lazy\" class=\"alignnone size-full wp-image-2827\" src=\"https:\/\/isfd106-bue.infd.edu.ar\/sitio\/wp-content\/uploads\/2022\/06\/QUIMICA-2.jpg\" alt=\"\" width=\"252\" height=\"216\" \/><\/a><\/div><\/div><div class=\"lgc-clear\"><\/div><\/h3>\n<h2 style=\"text-align: center;\">Novedades<\/h2>\n<p style=\"text-align: center;\"><style>.wp-show-posts-columns#wpsp-383 {margin-left: -2em; }.wp-show-posts-columns#wpsp-383 .wp-show-posts-inner {margin: 0 0 2em 2em; }<\/style><section id=\"wpsp-383\" class=\" wp-show-posts-columns wp-show-posts\" style=\"\"><article class=\" wp-show-posts-single post-4083 post type-post status-publish format-standard hentry category-noticias wpsp-col-4\" itemtype=\"http:\/\/schema.org\/CreativeWork\" itemscope><div class=\"wp-show-posts-inner\" style=\"\">\t\t\t\t\t\t<header class=\"wp-show-posts-entry-header\">\n\t\t\t\t\t\t\t<h4 class=\"wp-show-posts-entry-title\" itemprop=\"headline\"><a href=\"https:\/\/isfd106-bue.infd.edu.ar\/sitio\/matematica-nuevo-diseno-curricular\/\" rel=\"bookmark\">Matem\u00e1tica: Nuevo Dise\u00f1o Curricular<\/a><\/h4><div class=\"wp-show-posts-entry-meta wp-show-posts-entry-meta-below-title post-meta-inline\"><span class=\"wp-show-posts-posted-on wp-show-posts-meta\">\n\t\t\t\t\t<a href=\"https:\/\/isfd106-bue.infd.edu.ar\/sitio\/matematica-nuevo-diseno-curricular\/\" title=\"8:16 pm\" rel=\"bookmark\"><time class=\"wp-show-posts-entry-date published\" datetime=\"2026-03-05T20:16:10-03:00\" itemprop=\"datePublished\">5 marzo, 2026<\/time><time class=\"wp-show-posts-updated\" datetime=\"2026-03-05T20:17:09-03:00\" itemprop=\"dateModified\">5 marzo, 2026<\/time><\/a>\n\t\t\t\t<\/span><\/div>\t\t\t\t\t\t<\/header><!-- .entry-header -->\n\t\t\t\t\t\t\t\t\t\t\t<div class=\"wp-show-posts-entry-summary\" itemprop=\"text\">\n\t\t\t\t\t\t\t<p>En la secci\u00f3n de la carrera puede acceder al nuevo curricular<\/p>\n\t\t\t\t\t\t<\/div><!-- .entry-summary -->\n\t\t\t\t\t<div class=\"wpsp-read-more\"><a title=\"Matem\u00e1tica: Nuevo Dise\u00f1o Curricular\" class=\"wp-show-posts-read-more\" href=\"https:\/\/isfd106-bue.infd.edu.ar\/sitio\/matematica-nuevo-diseno-curricular\/\">Leer m\u00e1s<\/a><\/div><\/div><!-- wp-show-posts-inner --><\/article><article class=\" wp-show-posts-single post-4019 post type-post status-publish format-standard hentry category-noticias wpsp-col-4\" itemtype=\"http:\/\/schema.org\/CreativeWork\" itemscope><div class=\"wp-show-posts-inner\" style=\"\">\t\t\t\t\t\t<header class=\"wp-show-posts-entry-header\">\n\t\t\t\t\t\t\t<h4 class=\"wp-show-posts-entry-title\" itemprop=\"headline\"><a href=\"https:\/\/isfd106-bue.infd.edu.ar\/sitio\/asueto-por-duelo\/\" rel=\"bookmark\">Asueto por duelo<\/a><\/h4><div class=\"wp-show-posts-entry-meta wp-show-posts-entry-meta-below-title post-meta-inline\"><span class=\"wp-show-posts-posted-on wp-show-posts-meta\">\n\t\t\t\t\t<a href=\"https:\/\/isfd106-bue.infd.edu.ar\/sitio\/asueto-por-duelo\/\" title=\"12:18 pm\" rel=\"bookmark\"><time class=\"wp-show-posts-entry-date published\" datetime=\"2026-02-12T12:18:55-03:00\" itemprop=\"datePublished\">12 febrero, 2026<\/time><time class=\"wp-show-posts-updated\" datetime=\"2026-02-12T17:36:26-03:00\" itemprop=\"dateModified\">12 febrero, 2026<\/time><\/a>\n\t\t\t\t<\/span><\/div>\t\t\t\t\t\t<\/header><!-- .entry-header -->\n\t\t\t\t\t\t\t\t\t\t\t<div class=\"wp-show-posts-entry-summary\" itemprop=\"text\">\n\t\t\t\t\t\t\t<p>Estimados alumnos, con profundo dolor les informamos el fallecimiento de la querida Directora de la EES 49 Liliana Chaar.&nbsp; Por&#8230;<\/p>\n\t\t\t\t\t\t<\/div><!-- .entry-summary -->\n\t\t\t\t\t<div class=\"wpsp-read-more\"><a title=\"Asueto por duelo\" class=\"wp-show-posts-read-more\" href=\"https:\/\/isfd106-bue.infd.edu.ar\/sitio\/asueto-por-duelo\/\">Leer m\u00e1s<\/a><\/div><\/div><!-- wp-show-posts-inner --><\/article><article class=\" wp-show-posts-single post-4011 post type-post status-publish format-standard hentry category-noticias tag-ingreso-2026 wpsp-col-4\" itemtype=\"http:\/\/schema.org\/CreativeWork\" itemscope><div class=\"wp-show-posts-inner\" style=\"\">\t\t\t\t\t\t<header class=\"wp-show-posts-entry-header\">\n\t\t\t\t\t\t\t<h4 class=\"wp-show-posts-entry-title\" itemprop=\"headline\"><a href=\"https:\/\/isfd106-bue.infd.edu.ar\/sitio\/confirmacion-de-la-preinscripcion\/\" rel=\"bookmark\">Confirmaci\u00f3n de la preinscripci\u00f3n<\/a><\/h4><div class=\"wp-show-posts-entry-meta wp-show-posts-entry-meta-below-title post-meta-inline\"><span class=\"wp-show-posts-posted-on wp-show-posts-meta\">\n\t\t\t\t\t<a href=\"https:\/\/isfd106-bue.infd.edu.ar\/sitio\/confirmacion-de-la-preinscripcion\/\" title=\"10:01 pm\" rel=\"bookmark\"><time class=\"wp-show-posts-entry-date published\" datetime=\"2025-12-19T22:01:12-03:00\" itemprop=\"datePublished\">19 diciembre, 2025<\/time><time class=\"wp-show-posts-updated\" datetime=\"2026-02-24T11:32:20-03:00\" itemprop=\"dateModified\">24 febrero, 2026<\/time><\/a>\n\t\t\t\t<\/span><\/div>\t\t\t\t\t\t<\/header><!-- .entry-header -->\n\t\t\t\t\t\t\t\t\t\t\t<div class=\"wp-show-posts-entry-summary\" itemprop=\"text\">\n\t\t\t\t\t\t\t<p>Estimados ingresantes, les solicitamos revisar su correo electr\u00f3nico para notificarse de la confirmaci\u00f3n de la pre inscripci\u00f3n. Pueden consultar en&#8230;<\/p>\n\t\t\t\t\t\t<\/div><!-- .entry-summary -->\n\t\t\t\t\t<div class=\"wpsp-read-more\"><a title=\"Confirmaci\u00f3n de la preinscripci\u00f3n\" class=\"wp-show-posts-read-more\" href=\"https:\/\/isfd106-bue.infd.edu.ar\/sitio\/confirmacion-de-la-preinscripcion\/\">Leer m\u00e1s<\/a><\/div><\/div><!-- wp-show-posts-inner --><\/article><div class=\"wpsp-clear\"><\/div><\/section><!-- .wp-show-posts --><\/p>\n<h2 style=\"text-align: center;\"><em><span style=\"color: #800080;\"><strong>Nuestras redes sociales<\/strong><\/span><\/em><\/h2>\n<div style=\"text-align: center;\">\n<div style=\"text-align: center;\">\n<div id=\"id_5818cbb05761a6d45162752\" class=\"text_exposed_root text_exposed\">\n<div class=\"text_exposed_show\"><a href=\"https:\/\/www.facebook.com\/ISFD-N%C2%BA106-101971235787002\"><img decoding=\"async\" loading=\"lazy\" class=\"alignnone wp-image-2679\" src=\"https:\/\/isfd106-bue.infd.edu.ar\/sitio\/wp-content\/uploads\/2022\/03\/124010.png\" alt=\"\" width=\"106\" height=\"106\" srcset=\"https:\/\/isfd106-bue.infd.edu.ar\/sitio\/wp-content\/uploads\/2022\/03\/124010.png 512w, https:\/\/isfd106-bue.infd.edu.ar\/sitio\/wp-content\/uploads\/2022\/03\/124010-500x500.png 500w\" sizes=\"(max-width: 106px) 100vw, 106px\" \/><\/a><a href=\"https:\/\/www.youtube.com\/channel\/UCwhNQJLg16vzRk46RKk9QIw\"><img decoding=\"async\" loading=\"lazy\" class=\"alignnone wp-image-2678\" src=\"https:\/\/isfd106-bue.infd.edu.ar\/sitio\/wp-content\/uploads\/2022\/03\/YTLogo_old_new_animation-1000x625.gif\" alt=\"\" width=\"164\" height=\"103\" srcset=\"https:\/\/isfd106-bue.infd.edu.ar\/sitio\/wp-content\/uploads\/2022\/03\/YTLogo_old_new_animation-1000x625.gif 1000w, https:\/\/isfd106-bue.infd.edu.ar\/sitio\/wp-content\/uploads\/2022\/03\/YTLogo_old_new_animation-768x480.gif 768w\" sizes=\"(max-width: 164px) 100vw, 164px\" \/><\/a> <a href=\"https:\/\/instagram.com\/isfd106lamatanza?utm_medium=copy_link\"><img decoding=\"async\" loading=\"lazy\" class=\"alignnone wp-image-2677\" src=\"https:\/\/isfd106-bue.infd.edu.ar\/sitio\/wp-content\/uploads\/2022\/03\/Instagram-Logo-2016.jpg\" alt=\"\" width=\"105\" height=\"105\" srcset=\"https:\/\/isfd106-bue.infd.edu.ar\/sitio\/wp-content\/uploads\/2022\/03\/Instagram-Logo-2016.jpg 636w, https:\/\/isfd106-bue.infd.edu.ar\/sitio\/wp-content\/uploads\/2022\/03\/Instagram-Logo-2016-500x500.jpg 500w\" sizes=\"(max-width: 105px) 100vw, 105px\" \/><\/a><\/div>\n<\/div>\n<\/div>\n<\/div>\n","protected":false},"excerpt":{"rendered":"<p>Nuestras carreras\u00a0 \u00a0 \u00a0 \u00a0 Novedades Nuestras redes sociales<\/p>\n","protected":false},"author":588,"featured_media":0,"parent":0,"menu_order":0,"comment_status":"closed","ping_status":"closed","template":"","meta":[],"acf":[],"_links":{"self":[{"href":"https:\/\/isfd106-bue.infd.edu.ar\/sitio\/wp-json\/wp\/v2\/pages\/286"}],"collection":[{"href":"https:\/\/isfd106-bue.infd.edu.ar\/sitio\/wp-json\/wp\/v2\/pages"}],"about":[{"href":"https:\/\/isfd106-bue.infd.edu.ar\/sitio\/wp-json\/wp\/v2\/types\/page"}],"author":[{"embeddable":true,"href":"https:\/\/isfd106-bue.infd.edu.ar\/sitio\/wp-json\/wp\/v2\/users\/588"}],"replies":[{"embeddable":true,"href":"https:\/\/isfd106-bue.infd.edu.ar\/sitio\/wp-json\/wp\/v2\/comments?post=286"}],"version-history":[{"count":163,"href":"https:\/\/isfd106-bue.infd.edu.ar\/sitio\/wp-json\/wp\/v2\/pages\/286\/revisions"}],"predecessor-version":[{"id":2990,"href":"https:\/\/isfd106-bue.infd.edu.ar\/sitio\/wp-json\/wp\/v2\/pages\/286\/revisions\/2990"}],"wp:attachment":[{"href":"https:\/\/isfd106-bue.infd.edu.ar\/sitio\/wp-json\/wp\/v2\/media?parent=286"}],"curies":[{"name":"wp","href":"https:\/\/api.w.org\/{rel}","templated":true}]}}