{"id":2509,"date":"2021-11-28T21:33:54","date_gmt":"2021-11-29T00:33:54","guid":{"rendered":"https:\/\/isfd106-bue.infd.edu.ar\/sitio\/?page_id=2509"},"modified":"2022-03-08T00:32:19","modified_gmt":"2022-03-08T03:32:19","slug":"ingreso-2022-2","status":"publish","type":"page","link":"https:\/\/isfd106-bue.infd.edu.ar\/sitio\/ingreso-2022-2\/","title":{"rendered":"INGRESO 2022"},"content":{"rendered":"\n<h5 class=\"has-text-align-right has-vivid-red-color has-text-color wp-block-heading\">7 de marzo de 2022 <\/h5>\n\n\n\n<h4 class=\"has-vivid-purple-color has-text-color wp-block-heading\"><strong>IMPORTANTE: Esta inscripci\u00f3n es solo para aspirantes nuevos, si usted ya es estudiante del 106 y se anota igual, se desestimar\u00e1 esta inscripci\u00f3n<\/strong>. <\/h4>\n\n\n\n<h3 class=\"has-pale-pink-background-color has-background wp-block-heading\">INSCRIPCI\u00d3N: Se habilita a partir de las 9.00 horas del d\u00eda lunes 7 de marzo y se cierra autom\u00e1ticamente cuando se cubrieron todos los cupos disponibles. <\/h3>\n\n\n\n<h2 class=\"has-text-align-center has-cyan-bluish-gray-background-color has-background wp-block-heading\">       <img decoding=\"async\" loading=\"lazy\" width=\"183\" height=\"160\" class=\"wp-image-2665\" style=\"width: 100px;\" src=\"https:\/\/isfd106-bue.infd.edu.ar\/sitio\/wp-content\/uploads\/2022\/03\/flecha_hacia_abajo.gif\" alt=\"\"> FORMULARIOS <img decoding=\"async\" loading=\"lazy\" width=\"183\" height=\"160\" class=\"wp-image-2665\" style=\"width: 100px;\" src=\"https:\/\/isfd106-bue.infd.edu.ar\/sitio\/wp-content\/uploads\/2022\/03\/flecha_hacia_abajo.gif\" alt=\"\"><\/h2>\n\n\n\n<h3 class=\"has-text-align-center has-black-color has-luminous-vivid-amber-background-color has-text-color has-background wp-block-heading\">PROFESORADO DE EDUCACI\u00d3N PRIMARIA: inscripci\u00f3n cerrada<\/h3>\n\n\n\n<h3 class=\"has-text-align-center has-black-color has-luminous-vivid-orange-background-color has-text-color has-background wp-block-heading\">PROFESORADO DE MATEM\u00c1TICA: inscripci\u00f3n cerrada<\/h3>\n\n\n\n<h3 class=\"has-text-align-center has-black-color has-light-green-cyan-background-color has-text-color has-background wp-block-heading\">PROFESORADO DE CIENCIAS NATURALES                            F\u00cdSICA\/ QU\u00cdMICA\/ BIOLOG\u00cdA: inscripci\u00f3n cerrada<\/h3>\n\n\n\n<h5 class=\"has-text-align-right has-black-color has-text-color wp-block-heading\"><strong>4 de marzo de 2022<\/strong><\/h5>\n\n\n\n<p class=\"has-black-color has-text-color has-medium-font-size\">Informamos a todos los aspirantes que el d\u00eda <strong>Lunes 7 de marzo a las 9.00 horas <\/strong>se abrir\u00e1n los formularios de inscripci\u00f3n para todas las carreras. <strong>Los formularios se publicaran en esta p\u00e1gina.<\/strong><\/p>\n\n\n\n<p class=\"has-black-color has-text-color has-medium-font-size\">Para ir conociendo el formato de formulario les dejamos un video as\u00ed van preparando toda la documentaci\u00f3n<\/p>\n\n\n\n<figure class=\"wp-block-embed is-type-video is-provider-youtube wp-block-embed-youtube wp-embed-aspect-16-9 wp-has-aspect-ratio\"><div class=\"wp-block-embed__wrapper\">\n<iframe loading=\"lazy\" title=\"INSCRIPCI\u00d3N 2022_ ISFD 106  LA MATANZA Tutorial paso a paso como completar el formulario.\" width=\"1200\" height=\"675\" src=\"https:\/\/www.youtube.com\/embed\/5q70ybzgUsM?feature=oembed\" frameborder=\"0\" allow=\"accelerometer; autoplay; clipboard-write; encrypted-media; gyroscope; picture-in-picture; web-share\" referrerpolicy=\"strict-origin-when-cross-origin\" allowfullscreen><\/iframe>\n<\/div><\/figure>\n\n\n\n<p><\/p>\n\n\n\n<figure class=\"wp-block-embed is-type-video is-provider-youtube wp-block-embed-youtube wp-embed-aspect-16-9 wp-has-aspect-ratio\"><div class=\"wp-block-embed__wrapper\">\n<iframe loading=\"lazy\" title=\"Como digitalizar la documentaci\u00f3n\" width=\"1200\" height=\"675\" src=\"https:\/\/www.youtube.com\/embed\/UxMQYPoSObI?feature=oembed\" frameborder=\"0\" allow=\"accelerometer; autoplay; clipboard-write; encrypted-media; gyroscope; picture-in-picture; web-share\" referrerpolicy=\"strict-origin-when-cross-origin\" allowfullscreen><\/iframe>\n<\/div><\/figure>\n\n\n\n<p class=\"has-vivid-cyan-blue-color has-text-color has-medium-font-size\">Recuerden leer en esta secci\u00f3n los <strong>requisitos para la inscripci\u00f3n. <\/strong><\/p>\n\n\n\n<p class=\"has-black-color has-text-color has-medium-font-size\">Saludos,<\/p>\n\n\n\n<p class=\"has-black-color has-text-color has-medium-font-size\">Equipo directivo <\/p>\n\n\n\n<h5 class=\"has-text-align-right wp-block-heading\"><span class=\"has-inline-color has-vivid-red-color\">1 de diciembre de 2021<\/span><\/h5>\n\n\n\n<figure class=\"wp-block-image size-large is-style-rounded\"><img decoding=\"async\" loading=\"lazy\" width=\"1099\" height=\"81\" src=\"https:\/\/isfd106-bue.infd.edu.ar\/sitio\/wp-content\/uploads\/2021\/11\/INGRESO-2022.jpg\" alt=\"\" class=\"wp-image-2549\" srcset=\"https:\/\/isfd106-bue.infd.edu.ar\/sitio\/wp-content\/uploads\/2021\/11\/INGRESO-2022.jpg 1099w, https:\/\/isfd106-bue.infd.edu.ar\/sitio\/wp-content\/uploads\/2021\/11\/INGRESO-2022-1000x74.jpg 1000w, https:\/\/isfd106-bue.infd.edu.ar\/sitio\/wp-content\/uploads\/2021\/11\/INGRESO-2022-768x57.jpg 768w\" sizes=\"(max-width: 1099px) 100vw, 1099px\" \/><\/figure>\n\n\n\n<h2 class=\"alignwide has-text-align-center wp-block-heading\"><strong>Ingreso a primer a\u00f1o <\/strong><\/h2>\n\n\n\n<h2 class=\"alignwide has-text-align-center wp-block-heading\"><strong>de los Institutos Superiores de La Matanza<\/strong><\/h2>\n\n\n\n<p>Queremos contarles que, dada la particularidad de este ciclo lectivo y con el fin de que puedan completar el Nivel Secundario y contar con el certificado de t\u00edtulo en tr\u00e1mite a tiempo, realizaremos la inscripci\u00f3n para cursar una carrera en cualquiera de los Institutos de La Matanza de manera regional, a partir del<strong> <span class=\"has-inline-color has-vivid-red-color\">7 de marzo de 2022.<\/span><\/strong><\/p>\n\n\n\n<p>A partir de hoy, 1 de diciembre, se encuentra disponible informaci\u00f3n para la Inscripci\u00f3n a las carreras que se dictan en los Institutos de Formaci\u00f3n Docente y T\u00e9cnica del Partido de La Matanza. Pueden conocernos y visitar la oferta de carreras en el blog del&nbsp;<a href=\"https:\/\/crdmatanza.blogspot.com\/\">Consejo Regional de Directores<\/a>&nbsp;o ingresar al sitio de cada instituto para tener m\u00e1s informaci\u00f3n.<\/p>\n\n\n\n<hr class=\"wp-block-separator has-text-color has-background has-black-background-color has-black-color is-style-wide\"\/>\n\n\n\n<div class=\"wp-block-image\"><figure class=\"aligncenter size-large\"><img decoding=\"async\" loading=\"lazy\" width=\"960\" height=\"540\" src=\"https:\/\/isfd106-bue.infd.edu.ar\/sitio\/wp-content\/uploads\/2021\/11\/Indonesian-Language-Thesis-by-Slidesgo.jpg\" alt=\"\" class=\"wp-image-2562\" srcset=\"https:\/\/isfd106-bue.infd.edu.ar\/sitio\/wp-content\/uploads\/2021\/11\/Indonesian-Language-Thesis-by-Slidesgo.jpg 960w, https:\/\/isfd106-bue.infd.edu.ar\/sitio\/wp-content\/uploads\/2021\/11\/Indonesian-Language-Thesis-by-Slidesgo-768x432.jpg 768w\" sizes=\"(max-width: 960px) 100vw, 960px\" \/><\/figure><\/div>\n\n\n\n<h3 class=\"has-text-align-center wp-block-heading\"><strong>ACCESO A LAS CHARLAS INFORMATIVAS<\/strong><\/h3>\n\n\n\n<h4 class=\"wp-block-heading\"><strong><span class=\"has-inline-color has-luminous-vivid-orange-color\">Profesorado de Educaci\u00f3n Primaria<\/span> <\/strong><\/h4>\n\n\n\n<figure class=\"wp-block-embed is-type-video is-provider-youtube wp-block-embed-youtube wp-embed-aspect-16-9 wp-has-aspect-ratio\"><div class=\"wp-block-embed__wrapper\">\n<iframe loading=\"lazy\" title=\"Reuni\u00f3n Informativa - Ingresantes 2022 Prof. de Educaci\u00f3n Primaria\" width=\"1200\" height=\"675\" src=\"https:\/\/www.youtube.com\/embed\/cZ_Uetb_948?feature=oembed\" frameborder=\"0\" allow=\"accelerometer; autoplay; clipboard-write; encrypted-media; gyroscope; picture-in-picture; web-share\" referrerpolicy=\"strict-origin-when-cross-origin\" allowfullscreen><\/iframe>\n<\/div><\/figure>\n\n\n\n<h4 class=\"wp-block-heading\"><span class=\"has-inline-color has-vivid-green-cyan-color\">Profesorado de Educaci\u00f3n Secundaria en Matem\u00e1tica<\/span> <\/h4>\n\n\n\n<figure class=\"wp-block-embed is-type-video is-provider-youtube wp-block-embed-youtube wp-embed-aspect-16-9 wp-has-aspect-ratio\"><div class=\"wp-block-embed__wrapper\">\n<iframe loading=\"lazy\" title=\"Reuni\u00f3n Informativa - Ingresantes 2022 Prof. de Educaci\u00f3n Secundaria en Matem\u00e1tica\" width=\"1200\" height=\"675\" src=\"https:\/\/www.youtube.com\/embed\/sIT3H1aHc58?feature=oembed\" frameborder=\"0\" allow=\"accelerometer; autoplay; clipboard-write; encrypted-media; gyroscope; picture-in-picture; web-share\" referrerpolicy=\"strict-origin-when-cross-origin\" allowfullscreen><\/iframe>\n<\/div><\/figure>\n\n\n\n<h4 class=\"wp-block-heading\"><span class=\"has-inline-color has-vivid-purple-color\">Profesorado de Educaci\u00f3n Secundaria en F\u00edsica, Qu\u00edmica y Biolog\u00eda <\/span><\/h4>\n\n\n\n<figure class=\"wp-block-embed is-type-video is-provider-youtube wp-block-embed-youtube wp-embed-aspect-16-9 wp-has-aspect-ratio\"><div class=\"wp-block-embed__wrapper\">\n<iframe loading=\"lazy\" title=\"Reuni\u00f3n Informativa - Ingresantes 2022 Prof. de Educaci\u00f3n Secundaria en Biolog\u00eda, F\u00edsica y Qu\u00edmica\" width=\"1200\" height=\"675\" src=\"https:\/\/www.youtube.com\/embed\/lBHP3P6iNaI?feature=oembed\" frameborder=\"0\" allow=\"accelerometer; autoplay; clipboard-write; encrypted-media; gyroscope; picture-in-picture; web-share\" referrerpolicy=\"strict-origin-when-cross-origin\" allowfullscreen><\/iframe>\n<\/div><\/figure>\n\n\n\n<hr class=\"wp-block-separator is-style-wide\"\/>\n\n\n\n<h2 class=\"has-text-align-center wp-block-heading\"><span style=\"color:#821213\" class=\"has-inline-color\">INGRESO A 1er. A\u00d1O EN EL ISFD N\u00ba 106<\/span><\/h2>\n\n\n\n<h3 class=\"has-text-align-center wp-block-heading\">Conoc\u00e9 nuestro instituto<\/h3>\n\n\n\n<div class=\"wp-block-buttons is-content-justification-center is-layout-flex\">\n<div class=\"wp-block-button\"><a class=\"wp-block-button__link\" href=\"https:\/\/youtu.be\/f6tpI4GIWN8\" target=\"_blank\" rel=\"noreferrer noopener\">\u00bfQui\u00e9nes somos?<\/a><\/div>\n<\/div>\n\n\n\n<div class=\"wp-block-image\"><figure class=\"aligncenter size-large\"><img decoding=\"async\" loading=\"lazy\" width=\"960\" height=\"540\" src=\"https:\/\/isfd106-bue.infd.edu.ar\/sitio\/wp-content\/uploads\/2021\/11\/Diapositiva1.jpg\" alt=\"\" class=\"wp-image-2526\" srcset=\"https:\/\/isfd106-bue.infd.edu.ar\/sitio\/wp-content\/uploads\/2021\/11\/Diapositiva1.jpg 960w, https:\/\/isfd106-bue.infd.edu.ar\/sitio\/wp-content\/uploads\/2021\/11\/Diapositiva1-768x432.jpg 768w\" sizes=\"(max-width: 960px) 100vw, 960px\" \/><\/figure><\/div>\n\n\n\n<div class=\"wp-block-image\"><figure class=\"aligncenter size-large\"><img decoding=\"async\" loading=\"lazy\" width=\"960\" height=\"540\" src=\"https:\/\/isfd106-bue.infd.edu.ar\/sitio\/wp-content\/uploads\/2021\/11\/Diapositiva2.jpg\" alt=\"\" class=\"wp-image-2527\" srcset=\"https:\/\/isfd106-bue.infd.edu.ar\/sitio\/wp-content\/uploads\/2021\/11\/Diapositiva2.jpg 960w, https:\/\/isfd106-bue.infd.edu.ar\/sitio\/wp-content\/uploads\/2021\/11\/Diapositiva2-768x432.jpg 768w\" sizes=\"(max-width: 960px) 100vw, 960px\" \/><\/figure><\/div>\n\n\n\n<div class=\"wp-block-image\"><figure class=\"aligncenter size-large\"><img decoding=\"async\" loading=\"lazy\" width=\"960\" height=\"540\" src=\"https:\/\/isfd106-bue.infd.edu.ar\/sitio\/wp-content\/uploads\/2021\/11\/Diapositiva3.jpg\" alt=\"\" class=\"wp-image-2528\" srcset=\"https:\/\/isfd106-bue.infd.edu.ar\/sitio\/wp-content\/uploads\/2021\/11\/Diapositiva3.jpg 960w, https:\/\/isfd106-bue.infd.edu.ar\/sitio\/wp-content\/uploads\/2021\/11\/Diapositiva3-768x432.jpg 768w\" sizes=\"(max-width: 960px) 100vw, 960px\" \/><\/figure><\/div>\n\n\n\n<div class=\"wp-block-image\"><figure class=\"aligncenter size-large\"><img decoding=\"async\" loading=\"lazy\" width=\"960\" height=\"540\" src=\"https:\/\/isfd106-bue.infd.edu.ar\/sitio\/wp-content\/uploads\/2021\/11\/Diapositiva4.jpg\" alt=\"\" class=\"wp-image-2529\" srcset=\"https:\/\/isfd106-bue.infd.edu.ar\/sitio\/wp-content\/uploads\/2021\/11\/Diapositiva4.jpg 960w, https:\/\/isfd106-bue.infd.edu.ar\/sitio\/wp-content\/uploads\/2021\/11\/Diapositiva4-768x432.jpg 768w\" sizes=\"(max-width: 960px) 100vw, 960px\" \/><\/figure><\/div>\n\n\n\n<div class=\"wp-block-image\"><figure class=\"aligncenter size-large\"><img decoding=\"async\" loading=\"lazy\" width=\"960\" height=\"540\" src=\"https:\/\/isfd106-bue.infd.edu.ar\/sitio\/wp-content\/uploads\/2021\/11\/Diapositiva5.jpg\" alt=\"\" class=\"wp-image-2530\" srcset=\"https:\/\/isfd106-bue.infd.edu.ar\/sitio\/wp-content\/uploads\/2021\/11\/Diapositiva5.jpg 960w, https:\/\/isfd106-bue.infd.edu.ar\/sitio\/wp-content\/uploads\/2021\/11\/Diapositiva5-768x432.jpg 768w\" sizes=\"(max-width: 960px) 100vw, 960px\" \/><\/figure><\/div>\n\n\n\n<div class=\"wp-block-image\"><figure class=\"aligncenter size-large is-resized\"><img decoding=\"async\" loading=\"lazy\" src=\"https:\/\/isfd106-bue.infd.edu.ar\/sitio\/wp-content\/uploads\/2021\/11\/Diapositiva6.jpg\" alt=\"\" class=\"wp-image-2531\" width=\"961\" height=\"534\"\/><\/figure><\/div>\n\n\n\n<div class=\"wp-block-image\"><figure class=\"aligncenter size-large\"><img decoding=\"async\" loading=\"lazy\" width=\"960\" height=\"540\" src=\"https:\/\/isfd106-bue.infd.edu.ar\/sitio\/wp-content\/uploads\/2021\/11\/Diapositiva7.jpg\" alt=\"\" class=\"wp-image-2532\" srcset=\"https:\/\/isfd106-bue.infd.edu.ar\/sitio\/wp-content\/uploads\/2021\/11\/Diapositiva7.jpg 960w, https:\/\/isfd106-bue.infd.edu.ar\/sitio\/wp-content\/uploads\/2021\/11\/Diapositiva7-768x432.jpg 768w\" sizes=\"(max-width: 960px) 100vw, 960px\" \/><\/figure><\/div>\n\n\n\n<div class=\"wp-block-image\"><figure class=\"aligncenter size-large\"><img decoding=\"async\" loading=\"lazy\" width=\"960\" height=\"540\" src=\"https:\/\/isfd106-bue.infd.edu.ar\/sitio\/wp-content\/uploads\/2021\/11\/Diapositiva8.jpg\" alt=\"\" class=\"wp-image-2533\" srcset=\"https:\/\/isfd106-bue.infd.edu.ar\/sitio\/wp-content\/uploads\/2021\/11\/Diapositiva8.jpg 960w, https:\/\/isfd106-bue.infd.edu.ar\/sitio\/wp-content\/uploads\/2021\/11\/Diapositiva8-768x432.jpg 768w\" sizes=\"(max-width: 960px) 100vw, 960px\" \/><\/figure><\/div>\n\n\n\n<div class=\"wp-block-image\"><figure class=\"aligncenter size-large is-resized\"><img decoding=\"async\" loading=\"lazy\" src=\"https:\/\/isfd106-bue.infd.edu.ar\/sitio\/wp-content\/uploads\/2021\/11\/banda-2.png\" alt=\"\" class=\"wp-image-2539\" width=\"1005\" height=\"53\" srcset=\"https:\/\/isfd106-bue.infd.edu.ar\/sitio\/wp-content\/uploads\/2021\/11\/banda-2.png 1356w, https:\/\/isfd106-bue.infd.edu.ar\/sitio\/wp-content\/uploads\/2021\/11\/banda-2-1000x53.png 1000w, https:\/\/isfd106-bue.infd.edu.ar\/sitio\/wp-content\/uploads\/2021\/11\/banda-2-768x41.png 768w\" sizes=\"(max-width: 1005px) 100vw, 1005px\" \/><\/figure><\/div>\n\n\n\n<p><\/p>\n\n\n\n<p><span style=\"color:#821213\" class=\"has-inline-color\"><strong>En caso de no obtener lugar en nuestro instituto les sugerimos revisar la oferta acad\u00e9mica de otros institutos de la regi\u00f3n<\/strong><br><strong>o regiones vecinas. <\/strong><br><strong>Les recomendamos que, antes de inscribirse, lean la Oferta de Carrera de cada Instituto para poder elegir la opci\u00f3n que crean <\/strong><br><strong>m\u00e1s conveniente.<\/strong><\/span><\/p>\n\n\n\n<figure class=\"wp-block-image size-large is-resized\"><img decoding=\"async\" loading=\"lazy\" src=\"https:\/\/isfd106-bue.infd.edu.ar\/sitio\/wp-content\/uploads\/2021\/11\/banda-2-1.png\" alt=\"\" class=\"wp-image-2540\" width=\"1015\" height=\"53\" srcset=\"https:\/\/isfd106-bue.infd.edu.ar\/sitio\/wp-content\/uploads\/2021\/11\/banda-2-1.png 1356w, https:\/\/isfd106-bue.infd.edu.ar\/sitio\/wp-content\/uploads\/2021\/11\/banda-2-1-1000x53.png 1000w, https:\/\/isfd106-bue.infd.edu.ar\/sitio\/wp-content\/uploads\/2021\/11\/banda-2-1-768x41.png 768w\" sizes=\"(max-width: 1015px) 100vw, 1015px\" \/><\/figure>\n\n\n\n<p><strong>Las y los invitamos a ver los siguientes videos tutoriales para preparar la inscripci\u00f3n: <\/strong><\/p>\n\n\n\n<figure class=\"wp-block-embed aligncenter is-type-video is-provider-youtube wp-block-embed-youtube wp-embed-aspect-16-9 wp-has-aspect-ratio\"><div class=\"wp-block-embed__wrapper\">\n<iframe loading=\"lazy\" title=\"\u00bfC\u00f3mo inscribirse a  carreras de formaci\u00f3n docente y t\u00e9cnica en La Matanza- regi\u00f3n 3?\" width=\"1200\" height=\"675\" src=\"https:\/\/www.youtube.com\/embed\/wP4E4__H2UM?feature=oembed\" frameborder=\"0\" allow=\"accelerometer; autoplay; clipboard-write; encrypted-media; gyroscope; picture-in-picture; web-share\" referrerpolicy=\"strict-origin-when-cross-origin\" allowfullscreen><\/iframe>\n<\/div><figcaption>\u00bfC\u00f3mo inscribirse a carreras de formaci\u00f3n docente y t\u00e9cnica en La Matanza- regi\u00f3n 3?<\/figcaption><\/figure>\n\n\n\n<div class=\"wp-block-image\"><figure class=\"aligncenter size-large\"><img decoding=\"async\" loading=\"lazy\" width=\"960\" height=\"540\" src=\"https:\/\/isfd106-bue.infd.edu.ar\/sitio\/wp-content\/uploads\/2021\/11\/presentacionm-ingreso-2022-sitio-web.jpg\" alt=\"\" class=\"wp-image-2541\" srcset=\"https:\/\/isfd106-bue.infd.edu.ar\/sitio\/wp-content\/uploads\/2021\/11\/presentacionm-ingreso-2022-sitio-web.jpg 960w, https:\/\/isfd106-bue.infd.edu.ar\/sitio\/wp-content\/uploads\/2021\/11\/presentacionm-ingreso-2022-sitio-web-768x432.jpg 768w\" sizes=\"(max-width: 960px) 100vw, 960px\" \/><\/figure><\/div>\n\n\n\n<p><\/p>\n\n\n\n<h2 class=\"has-luminous-vivid-amber-background-color has-background wp-block-heading\"><strong>Contenidos de revisi\u00f3n de nivel secundario opcional para el Taller de ingresantes 2022<\/strong><\/h2>\n\n\n\n<figure class=\"wp-block-image size-large\"><img decoding=\"async\" loading=\"lazy\" width=\"960\" height=\"540\" src=\"https:\/\/isfd106-bue.infd.edu.ar\/sitio\/wp-content\/uploads\/2021\/12\/mate.jpg\" alt=\"\" class=\"wp-image-2621\" srcset=\"https:\/\/isfd106-bue.infd.edu.ar\/sitio\/wp-content\/uploads\/2021\/12\/mate.jpg 960w, https:\/\/isfd106-bue.infd.edu.ar\/sitio\/wp-content\/uploads\/2021\/12\/mate-768x432.jpg 768w\" sizes=\"(max-width: 960px) 100vw, 960px\" \/><\/figure>\n\n\n\n<figure class=\"wp-block-image size-large\"><img decoding=\"async\" loading=\"lazy\" width=\"960\" height=\"540\" src=\"https:\/\/isfd106-bue.infd.edu.ar\/sitio\/wp-content\/uploads\/2021\/12\/primaria.jpg\" alt=\"\" class=\"wp-image-2622\" srcset=\"https:\/\/isfd106-bue.infd.edu.ar\/sitio\/wp-content\/uploads\/2021\/12\/primaria.jpg 960w, https:\/\/isfd106-bue.infd.edu.ar\/sitio\/wp-content\/uploads\/2021\/12\/primaria-768x432.jpg 768w\" sizes=\"(max-width: 960px) 100vw, 960px\" \/><\/figure>\n\n\n\n<figure class=\"wp-block-image size-large\"><img decoding=\"async\" loading=\"lazy\" width=\"960\" height=\"540\" src=\"https:\/\/isfd106-bue.infd.edu.ar\/sitio\/wp-content\/uploads\/2021\/12\/cn.jpg\" alt=\"\" class=\"wp-image-2623\" srcset=\"https:\/\/isfd106-bue.infd.edu.ar\/sitio\/wp-content\/uploads\/2021\/12\/cn.jpg 960w, https:\/\/isfd106-bue.infd.edu.ar\/sitio\/wp-content\/uploads\/2021\/12\/cn-768x432.jpg 768w\" sizes=\"(max-width: 960px) 100vw, 960px\" \/><\/figure>\n\n\n\n<h4 class=\"wp-block-heading\"><\/h4>\n\n\n\n<p><\/p>\n","protected":false},"excerpt":{"rendered":"<p>7 de marzo de 2022 IMPORTANTE: Esta inscripci\u00f3n es solo para aspirantes nuevos, si usted ya es estudiante del 106 y se anota igual, se desestimar\u00e1 esta inscripci\u00f3n. INSCRIPCI\u00d3N: Se habilita a partir de las 9.00 horas del d\u00eda lunes 7 de marzo y se cierra autom\u00e1ticamente cuando se cubrieron todos los cupos disponibles. FORMULARIOS &#8230; <a title=\"INGRESO 2022\" class=\"read-more\" href=\"https:\/\/isfd106-bue.infd.edu.ar\/sitio\/ingreso-2022-2\/\" aria-label=\"More on INGRESO 2022\">[+]<\/a><\/p>\n","protected":false},"author":588,"featured_media":0,"parent":0,"menu_order":0,"comment_status":"closed","ping_status":"closed","template":"","meta":[],"acf":[],"_links":{"self":[{"href":"https:\/\/isfd106-bue.infd.edu.ar\/sitio\/wp-json\/wp\/v2\/pages\/2509"}],"collection":[{"href":"https:\/\/isfd106-bue.infd.edu.ar\/sitio\/wp-json\/wp\/v2\/pages"}],"about":[{"href":"https:\/\/isfd106-bue.infd.edu.ar\/sitio\/wp-json\/wp\/v2\/types\/page"}],"author":[{"embeddable":true,"href":"https:\/\/isfd106-bue.infd.edu.ar\/sitio\/wp-json\/wp\/v2\/users\/588"}],"replies":[{"embeddable":true,"href":"https:\/\/isfd106-bue.infd.edu.ar\/sitio\/wp-json\/wp\/v2\/comments?post=2509"}],"version-history":[{"count":29,"href":"https:\/\/isfd106-bue.infd.edu.ar\/sitio\/wp-json\/wp\/v2\/pages\/2509\/revisions"}],"predecessor-version":[{"id":3415,"href":"https:\/\/isfd106-bue.infd.edu.ar\/sitio\/wp-json\/wp\/v2\/pages\/2509\/revisions\/3415"}],"wp:attachment":[{"href":"https:\/\/isfd106-bue.infd.edu.ar\/sitio\/wp-json\/wp\/v2\/media?parent=2509"}],"curies":[{"name":"wp","href":"https:\/\/api.w.org\/{rel}","templated":true}]}}