{"id":2301,"date":"2021-08-30T15:55:21","date_gmt":"2021-08-30T18:55:21","guid":{"rendered":"https:\/\/isfd106-bue.infd.edu.ar\/sitio\/?page_id=2301"},"modified":"2023-10-10T09:48:30","modified_gmt":"2023-10-10T12:48:30","slug":"biblioteca","status":"publish","type":"page","link":"https:\/\/isfd106-bue.infd.edu.ar\/sitio\/biblioteca\/","title":{"rendered":"Biblioteca"},"content":{"rendered":"\n<p>El instituto cuenta con una amplia biblioteca que funciona en el turno ma\u00f1ana de 8.00 a 12.00 hs y en el turno vespertino de 18.00 a 21.04 hs , y est\u00e1n a cargo de ella la Sra Lilian y la Srta Tamara<\/p>\n\n\n\n<p>Para comunicarse pueden hacerlo a trav\u00e9s del aula de biblioteca en el campus o por medio de correo electr\u00f3nico <a href=\"mailto:106biblioteca@gmail.com\">106biblioteca@gmail.com<\/a> <\/p>\n\n\n\n<p><\/p>\n","protected":false},"excerpt":{"rendered":"<p>El instituto cuenta con una amplia biblioteca que funciona en el turno ma\u00f1ana de 8.00 a 12.00 hs y en el turno vespertino de 18.00 a 21.04 hs , y est\u00e1n a cargo de ella la Sra Lilian y la Srta Tamara Para comunicarse pueden hacerlo a trav\u00e9s del aula de biblioteca en el campus &#8230; <a title=\"Biblioteca\" class=\"read-more\" href=\"https:\/\/isfd106-bue.infd.edu.ar\/sitio\/biblioteca\/\" aria-label=\"More on Biblioteca\">[+]<\/a><\/p>\n","protected":false},"author":589,"featured_media":0,"parent":0,"menu_order":0,"comment_status":"closed","ping_status":"closed","template":"","meta":[],"acf":[],"_links":{"self":[{"href":"https:\/\/isfd106-bue.infd.edu.ar\/sitio\/wp-json\/wp\/v2\/pages\/2301"}],"collection":[{"href":"https:\/\/isfd106-bue.infd.edu.ar\/sitio\/wp-json\/wp\/v2\/pages"}],"about":[{"href":"https:\/\/isfd106-bue.infd.edu.ar\/sitio\/wp-json\/wp\/v2\/types\/page"}],"author":[{"embeddable":true,"href":"https:\/\/isfd106-bue.infd.edu.ar\/sitio\/wp-json\/wp\/v2\/users\/589"}],"replies":[{"embeddable":true,"href":"https:\/\/isfd106-bue.infd.edu.ar\/sitio\/wp-json\/wp\/v2\/comments?post=2301"}],"version-history":[{"count":2,"href":"https:\/\/isfd106-bue.infd.edu.ar\/sitio\/wp-json\/wp\/v2\/pages\/2301\/revisions"}],"predecessor-version":[{"id":3609,"href":"https:\/\/isfd106-bue.infd.edu.ar\/sitio\/wp-json\/wp\/v2\/pages\/2301\/revisions\/3609"}],"wp:attachment":[{"href":"https:\/\/isfd106-bue.infd.edu.ar\/sitio\/wp-json\/wp\/v2\/media?parent=2301"}],"curies":[{"name":"wp","href":"https:\/\/api.w.org\/{rel}","templated":true}]}}