{"id":2014,"date":"2021-03-04T16:34:19","date_gmt":"2021-03-04T19:34:19","guid":{"rendered":"https:\/\/isfd106-bue.infd.edu.ar\/sitio\/?page_id=2014"},"modified":"2026-03-03T19:16:23","modified_gmt":"2026-03-03T22:16:23","slug":"rematriculacion","status":"publish","type":"page","link":"https:\/\/isfd106-bue.infd.edu.ar\/sitio\/rematriculacion\/","title":{"rendered":"Retomar los estudios en el 106"},"content":{"rendered":"\n<h3 class=\"wp-block-heading\"><span style=\"color: #339966;\">\u00bfDejaste de estudiar en nuestro instituto y quer\u00e9s retomar?&nbsp;&nbsp;<\/span><\/h3>\n\n\n\n<p><span style=\"color: #800080;\"><strong>IMPORTANTE: No es para ingresantes 2025<\/strong><\/span><\/p>\n\n\n\n<p class=\"has-background\" style=\"background-color:#c8e7cb\">Te contamos que si dejaste de estudiar y quer\u00e9s retomar la cursada en nuestro instituto pod\u00e9s hacerlo sin requisitos previos. <strong> <\/strong><\/p>\n\n\n\n<p>Solo debes tener en cuenta que:<\/p>\n\n\n\n<ul>\n<li>Tienen que ser del mismo Plan de Estudio y la misma carrera que estabas cursando.<\/li>\n<\/ul>\n\n\n\n<p>De esa manera:<\/p>\n\n\n\n<ul>\n<li>Se consideran las materias aprobadas que sean del Plan de Estudio y Carrera en que te encuentras inscripto\/a<\/li>\n<\/ul>\n\n\n\n<p>Pasos a seguir:<\/p>\n\n\n\n<ul>\n<li>Completar el siguiente formulario para que podamos contactarnos contigo y acompa\u00f1arte en el regreso al instituto. <\/li>\n\n\n\n<li>Enlace: https:\/\/forms.gle\/q12rqGVqpJg5AbS37<\/li>\n\n\n\n<li>Si tienes dudas nos puedes escribir a  <a href=\"106instituto@gmail.com\">106instituto@gmail.com<\/a><\/li>\n\n\n\n<li>Es importante que cuentes con informaci\u00f3n sobre tu cursada para poder ayudarte en tu trayectoria acad\u00e9mica. <\/li>\n<\/ul>\n\n\n\n<p>Atte.<\/p>\n\n\n\n<p>La Direcci\u00f3n<\/p>\n","protected":false},"excerpt":{"rendered":"<p>\u00bfDejaste de estudiar en nuestro instituto y quer\u00e9s retomar?&nbsp;&nbsp; IMPORTANTE: No es para ingresantes 2025 Te contamos que si dejaste de estudiar y quer\u00e9s retomar la cursada en nuestro instituto pod\u00e9s hacerlo sin requisitos previos. Solo debes tener en cuenta que: De esa manera: Pasos a seguir: Atte. La Direcci\u00f3n<\/p>\n","protected":false},"author":589,"featured_media":0,"parent":0,"menu_order":0,"comment_status":"closed","ping_status":"closed","template":"","meta":[],"acf":[],"_links":{"self":[{"href":"https:\/\/isfd106-bue.infd.edu.ar\/sitio\/wp-json\/wp\/v2\/pages\/2014"}],"collection":[{"href":"https:\/\/isfd106-bue.infd.edu.ar\/sitio\/wp-json\/wp\/v2\/pages"}],"about":[{"href":"https:\/\/isfd106-bue.infd.edu.ar\/sitio\/wp-json\/wp\/v2\/types\/page"}],"author":[{"embeddable":true,"href":"https:\/\/isfd106-bue.infd.edu.ar\/sitio\/wp-json\/wp\/v2\/users\/589"}],"replies":[{"embeddable":true,"href":"https:\/\/isfd106-bue.infd.edu.ar\/sitio\/wp-json\/wp\/v2\/comments?post=2014"}],"version-history":[{"count":27,"href":"https:\/\/isfd106-bue.infd.edu.ar\/sitio\/wp-json\/wp\/v2\/pages\/2014\/revisions"}],"predecessor-version":[{"id":4056,"href":"https:\/\/isfd106-bue.infd.edu.ar\/sitio\/wp-json\/wp\/v2\/pages\/2014\/revisions\/4056"}],"wp:attachment":[{"href":"https:\/\/isfd106-bue.infd.edu.ar\/sitio\/wp-json\/wp\/v2\/media?parent=2014"}],"curies":[{"name":"wp","href":"https:\/\/api.w.org\/{rel}","templated":true}]}}