{"id":1168,"date":"2020-03-09T12:11:44","date_gmt":"2020-03-09T15:11:44","guid":{"rendered":"https:\/\/isfd106-bue.infd.edu.ar\/sitio\/?page_id=1168"},"modified":"2020-03-23T12:22:15","modified_gmt":"2020-03-23T15:22:15","slug":"listados-de-ingresantes","status":"publish","type":"page","link":"https:\/\/isfd106-bue.infd.edu.ar\/sitio\/listados-de-ingresantes\/","title":{"rendered":"Listados de ingresantes"},"content":{"rendered":"<p>El los siguientes links encontrar\u00e1 los listados correspondientes a ingresantes 2020 de acuerdo a la carrera, tuno y comisi\u00f3n. Recuerden que <strong>para el turno ma\u00f1ana ten\u00edan prioridad aquellos que presentaron constancia de trabajo<\/strong>, tal cual se informo en la\u00a0recepci\u00f3n de carpetas.<\/p>\n<p>Los horarios del <strong>Curso Inicial<\/strong> son para el <strong><em>turno ma\u00f1ana de 08:00 a 11:00 horas<\/em><\/strong> y para el <strong><em>turno vespertino de 18:00 a 21:00 horas.<\/em><\/strong><\/p>\n<p>&nbsp;<\/p>\n<p><a href=\"https:\/\/drive.google.com\/open?id=14WmB4MWkYLkqti3KY75HLQFk3mgfH2nr\">Primaria &#8211; Turno Ma\u00f1ana &#8211; Comisi\u00f3n 3<\/a><\/p>\n<p><a href=\"https:\/\/drive.google.com\/open?id=10HUcz8bqYyzESJqMurGl6aQKzv7qR_lI\">Primaria &#8211; Turno Vespertino\u00a0 &#8211; Comisi\u00f3n 1<\/a><\/p>\n<p><a href=\"https:\/\/drive.google.com\/open?id=150pqwDvxEdW0krcBQK1CFWIlg_G-VmN2\">Primaria &#8211; Turno Vespertino &#8211; Comisi\u00f3n 2<\/a><\/p>\n<p>&nbsp;<\/p>\n<p><a href=\"https:\/\/drive.google.com\/open?id=1LDbssKh1yjPGBOKJOdvqLy6PmhhKLtHY\">Matem\u00e1tica &#8211; Turno Ma\u00f1ana &#8211; Comisi\u00f3n D<\/a><\/p>\n<p><a href=\"https:\/\/drive.google.com\/open?id=1tcDFFHK4tjZzq2tYGkDa-xQNUnlt6TEK\">Matem\u00e1tica &#8211; Turno Vespertino &#8211; Comisi\u00f3n A \/ B \/ C \/ E<\/a><\/p>\n<p>&nbsp;<\/p>\n<p><a href=\"https:\/\/drive.google.com\/open?id=1VUKtsAUncgpWNTQ7MIvl2jpCP9S4LJcN\">Ciencias Naturales &#8211; Turno Vespertino &#8211; Comisi\u00f3n 1<\/a><\/p>\n<p><a href=\"https:\/\/drive.google.com\/open?id=153XrKYEbF31ZHjceTQhGdjIBhvHS3oBO\">Ciencias Naturales &#8211; Turno Vespertino &#8211; Comisi\u00f3n 2<\/a><\/p>\n<p><a href=\"https:\/\/drive.google.com\/open?id=1vLcPbI6Sy0J-sd3dI1H6pUdET6bgLAAi\">Ciencias Naturales &#8211; Turno Vespertino &#8211; Comisi\u00f3n 3<\/a><\/p>\n","protected":false},"excerpt":{"rendered":"<p>El los siguientes links encontrar\u00e1 los listados correspondientes a ingresantes 2020 de acuerdo a la carrera, tuno y comisi\u00f3n. Recuerden que para el turno ma\u00f1ana ten\u00edan prioridad aquellos que presentaron constancia de trabajo, tal cual se informo en la\u00a0recepci\u00f3n de carpetas. Los horarios del Curso Inicial son para el turno ma\u00f1ana de 08:00 a 11:00 &#8230; <a title=\"Listados de ingresantes\" class=\"read-more\" href=\"https:\/\/isfd106-bue.infd.edu.ar\/sitio\/listados-de-ingresantes\/\" aria-label=\"More on Listados de ingresantes\">[+]<\/a><\/p>\n","protected":false},"author":386,"featured_media":0,"parent":0,"menu_order":0,"comment_status":"closed","ping_status":"closed","template":"","meta":[],"acf":[],"_links":{"self":[{"href":"https:\/\/isfd106-bue.infd.edu.ar\/sitio\/wp-json\/wp\/v2\/pages\/1168"}],"collection":[{"href":"https:\/\/isfd106-bue.infd.edu.ar\/sitio\/wp-json\/wp\/v2\/pages"}],"about":[{"href":"https:\/\/isfd106-bue.infd.edu.ar\/sitio\/wp-json\/wp\/v2\/types\/page"}],"author":[{"embeddable":true,"href":"https:\/\/isfd106-bue.infd.edu.ar\/sitio\/wp-json\/wp\/v2\/users\/386"}],"replies":[{"embeddable":true,"href":"https:\/\/isfd106-bue.infd.edu.ar\/sitio\/wp-json\/wp\/v2\/comments?post=1168"}],"version-history":[{"count":7,"href":"https:\/\/isfd106-bue.infd.edu.ar\/sitio\/wp-json\/wp\/v2\/pages\/1168\/revisions"}],"predecessor-version":[{"id":1244,"href":"https:\/\/isfd106-bue.infd.edu.ar\/sitio\/wp-json\/wp\/v2\/pages\/1168\/revisions\/1244"}],"wp:attachment":[{"href":"https:\/\/isfd106-bue.infd.edu.ar\/sitio\/wp-json\/wp\/v2\/media?parent=1168"}],"curies":[{"name":"wp","href":"https:\/\/api.w.org\/{rel}","templated":true}]}}